{"id":64641,"date":"2025-08-26T12:07:30","date_gmt":"2025-08-26T12:07:30","guid":{"rendered":"https:\/\/ilmoliulampar.is\/?post_type=product&#038;p=64641"},"modified":"2025-12-04T12:34:49","modified_gmt":"2025-12-04T12:34:49","slug":"klukka-hvit-kremud-klukkuverk-hreyfist","status":"publish","type":"product","link":"https:\/\/ilmoliulampar.is\/en_gb\/product\/klukka-hvit-kremud-klukkuverk-hreyfist\/","title":{"rendered":"Klukka Hv\u00edt \/ Kremu\u00f0 klukkuverk hreyfist"},"content":{"rendered":"","protected":false},"excerpt":{"rendered":"<p>\u00d3tr\u00falegaflott kremu\u00f0 klukka me\u00f0 gylltum deatail<\/p>\n<p>St\u00e6r\u00f0<br \/>\n\u00deverm\u00e1l 39 cm<br \/>\nD\u00fdpt 9 cm<\/p>","protected":false},"featured_media":64642,"comment_status":"closed","ping_status":"closed","template":"","meta":[],"product_brand":[],"product_cat":[275],"product_tag":[],"class_list":{"0":"post-64641","1":"product","2":"type-product","3":"status-publish","4":"has-post-thumbnail","6":"product_cat-klukkur","8":"first","9":"instock","10":"shipping-taxable","11":"purchasable","12":"product-type-simple"},"_links":{"self":[{"href":"https:\/\/ilmoliulampar.is\/en_gb\/wp-json\/wp\/v2\/product\/64641","targetHints":{"allow":["GET"]}}],"collection":[{"href":"https:\/\/ilmoliulampar.is\/en_gb\/wp-json\/wp\/v2\/product"}],"about":[{"href":"https:\/\/ilmoliulampar.is\/en_gb\/wp-json\/wp\/v2\/types\/product"}],"replies":[{"embeddable":true,"href":"https:\/\/ilmoliulampar.is\/en_gb\/wp-json\/wp\/v2\/comments?post=64641"}],"wp:featuredmedia":[{"embeddable":true,"href":"https:\/\/ilmoliulampar.is\/en_gb\/wp-json\/wp\/v2\/media\/64642"}],"wp:attachment":[{"href":"https:\/\/ilmoliulampar.is\/en_gb\/wp-json\/wp\/v2\/media?parent=64641"}],"wp:term":[{"taxonomy":"product_brand","embeddable":true,"href":"https:\/\/ilmoliulampar.is\/en_gb\/wp-json\/wp\/v2\/product_brand?post=64641"},{"taxonomy":"product_cat","embeddable":true,"href":"https:\/\/ilmoliulampar.is\/en_gb\/wp-json\/wp\/v2\/product_cat?post=64641"},{"taxonomy":"product_tag","embeddable":true,"href":"https:\/\/ilmoliulampar.is\/en_gb\/wp-json\/wp\/v2\/product_tag?post=64641"}],"curies":[{"name":"wp","href":"https:\/\/api.w.org\/{rel}","templated":true}]}}