{"id":64651,"date":"2025-08-26T14:57:43","date_gmt":"2025-08-26T14:57:43","guid":{"rendered":"https:\/\/ilmoliulampar.is\/?post_type=product&#038;p=64651"},"modified":"2025-08-26T14:57:43","modified_gmt":"2025-08-26T14:57:43","slug":"fiska-vasi-gull","status":"publish","type":"product","link":"https:\/\/ilmoliulampar.is\/en_gb\/product\/fiska-vasi-gull\/","title":{"rendered":"Fiska vasi &#8211; Gull"},"content":{"rendered":"","protected":false},"excerpt":{"rendered":"<p>\u00d3tr\u00falega flottur og vanda\u00f0ur Keramik \u00a0vasi fr\u00e1 Werner voss<\/p>\n<div class=\"row laenge\">\n<div class=\"label\">Lengd: 35.00 cm<\/div>\n<\/div>\n<div class=\"row breite\">\n<div class=\"label\">Breidd: 30.00 cm<\/div>\n<\/div>\n<div class=\"row hoehe\">\n<div class=\"label\">H\u00e6\u00f0 : 44.00 cm<\/div>\n<\/div>","protected":false},"featured_media":64648,"comment_status":"closed","ping_status":"closed","template":"","meta":[],"product_brand":[],"product_cat":[250,132],"product_tag":[],"class_list":{"0":"post-64651","1":"product","2":"type-product","3":"status-publish","4":"has-post-thumbnail","6":"product_cat-blomapottarvasar","7":"product_cat-heimilid-2","9":"first","10":"instock","11":"shipping-taxable","12":"purchasable","13":"product-type-simple"},"_links":{"self":[{"href":"https:\/\/ilmoliulampar.is\/en_gb\/wp-json\/wp\/v2\/product\/64651","targetHints":{"allow":["GET"]}}],"collection":[{"href":"https:\/\/ilmoliulampar.is\/en_gb\/wp-json\/wp\/v2\/product"}],"about":[{"href":"https:\/\/ilmoliulampar.is\/en_gb\/wp-json\/wp\/v2\/types\/product"}],"replies":[{"embeddable":true,"href":"https:\/\/ilmoliulampar.is\/en_gb\/wp-json\/wp\/v2\/comments?post=64651"}],"wp:featuredmedia":[{"embeddable":true,"href":"https:\/\/ilmoliulampar.is\/en_gb\/wp-json\/wp\/v2\/media\/64648"}],"wp:attachment":[{"href":"https:\/\/ilmoliulampar.is\/en_gb\/wp-json\/wp\/v2\/media?parent=64651"}],"wp:term":[{"taxonomy":"product_brand","embeddable":true,"href":"https:\/\/ilmoliulampar.is\/en_gb\/wp-json\/wp\/v2\/product_brand?post=64651"},{"taxonomy":"product_cat","embeddable":true,"href":"https:\/\/ilmoliulampar.is\/en_gb\/wp-json\/wp\/v2\/product_cat?post=64651"},{"taxonomy":"product_tag","embeddable":true,"href":"https:\/\/ilmoliulampar.is\/en_gb\/wp-json\/wp\/v2\/product_tag?post=64651"}],"curies":[{"name":"wp","href":"https:\/\/api.w.org\/{rel}","templated":true}]}}