{"id":64652,"date":"2025-08-26T15:12:04","date_gmt":"2025-08-26T15:12:04","guid":{"rendered":"https:\/\/ilmoliulampar.is\/?post_type=product&#038;p=64652"},"modified":"2026-02-26T13:29:13","modified_gmt":"2026-02-26T13:29:13","slug":"lamba-lampi","status":"publish","type":"product","link":"https:\/\/ilmoliulampar.is\/en_gb\/product\/lamba-lampi\/","title":{"rendered":"Lamba Lampi"},"content":{"rendered":"","protected":false},"excerpt":{"rendered":"<p>\u00d3tr\u00falega flottur og litr\u00edkur Lamba Lampi &lt;3<\/p>\n<div class=\"row laenge\">\n<div class=\"label\">Lengd : 35.00 cm<\/div>\n<\/div>\n<div class=\"row breite\">\n<div class=\"label\">Breidd : 20.00 cm<\/div>\n<\/div>\n<div class=\"row hoehe\">\n<div class=\"label\">H\u00e6\u00f0 : 67.50 cm<br \/>\nLengd \u00e1 kappli 2 metrar<br \/>\nE27 Perust\u00e6\u00f0i<\/div>\n<\/div>\n<p>&nbsp;<\/p>","protected":false},"featured_media":64656,"comment_status":"closed","ping_status":"closed","template":"","meta":[],"product_brand":[],"product_cat":[184,132],"product_tag":[],"class_list":{"0":"post-64652","1":"product","2":"type-product","3":"status-publish","4":"has-post-thumbnail","6":"product_cat-bordlampar","7":"product_cat-heimilid-2","9":"first","10":"outofstock","11":"shipping-taxable","12":"purchasable","13":"product-type-simple"},"_links":{"self":[{"href":"https:\/\/ilmoliulampar.is\/en_gb\/wp-json\/wp\/v2\/product\/64652","targetHints":{"allow":["GET"]}}],"collection":[{"href":"https:\/\/ilmoliulampar.is\/en_gb\/wp-json\/wp\/v2\/product"}],"about":[{"href":"https:\/\/ilmoliulampar.is\/en_gb\/wp-json\/wp\/v2\/types\/product"}],"replies":[{"embeddable":true,"href":"https:\/\/ilmoliulampar.is\/en_gb\/wp-json\/wp\/v2\/comments?post=64652"}],"wp:featuredmedia":[{"embeddable":true,"href":"https:\/\/ilmoliulampar.is\/en_gb\/wp-json\/wp\/v2\/media\/64656"}],"wp:attachment":[{"href":"https:\/\/ilmoliulampar.is\/en_gb\/wp-json\/wp\/v2\/media?parent=64652"}],"wp:term":[{"taxonomy":"product_brand","embeddable":true,"href":"https:\/\/ilmoliulampar.is\/en_gb\/wp-json\/wp\/v2\/product_brand?post=64652"},{"taxonomy":"product_cat","embeddable":true,"href":"https:\/\/ilmoliulampar.is\/en_gb\/wp-json\/wp\/v2\/product_cat?post=64652"},{"taxonomy":"product_tag","embeddable":true,"href":"https:\/\/ilmoliulampar.is\/en_gb\/wp-json\/wp\/v2\/product_tag?post=64652"}],"curies":[{"name":"wp","href":"https:\/\/api.w.org\/{rel}","templated":true}]}}