{"id":64711,"date":"2025-09-03T12:49:26","date_gmt":"2025-09-03T12:49:26","guid":{"rendered":"https:\/\/ilmoliulampar.is\/?post_type=product&#038;p=64711"},"modified":"2026-02-12T13:07:03","modified_gmt":"2026-02-12T13:07:03","slug":"pop-mart-the-monsters-labubu-zimomo-angel-in-clouds-figure","status":"publish","type":"product","link":"https:\/\/ilmoliulampar.is\/en_gb\/product\/pop-mart-the-monsters-labubu-zimomo-angel-in-clouds-figure\/","title":{"rendered":"POP MART The Monsters &#8211; Angel In Clouds"},"content":{"rendered":"","protected":false},"excerpt":{"rendered":"<p><strong>Original authentic Pop Mart \u00fatg\u00e1fa<br \/>\n<\/strong>Ser\u00eda: The Monsters<br \/>\nUndirser\u00eda: Zimomo &#8211; Angel In Clouds<br \/>\n\u00datg\u00e1fudagur: 25. okt\u00f3ber, 2024<br \/>\nH\u00e6\u00f0: 59 cm<br \/>\nEfni: PVC, Polyester, ABS<\/p>","protected":false},"featured_media":64712,"comment_status":"closed","ping_status":"closed","template":"","meta":[],"product_brand":[],"product_cat":[274],"product_tag":[],"class_list":{"0":"post-64711","1":"product","2":"type-product","3":"status-publish","4":"has-post-thumbnail","6":"product_cat-labubu","8":"first","9":"instock","10":"sale","11":"shipping-taxable","12":"purchasable","13":"product-type-simple"},"_links":{"self":[{"href":"https:\/\/ilmoliulampar.is\/en_gb\/wp-json\/wp\/v2\/product\/64711","targetHints":{"allow":["GET"]}}],"collection":[{"href":"https:\/\/ilmoliulampar.is\/en_gb\/wp-json\/wp\/v2\/product"}],"about":[{"href":"https:\/\/ilmoliulampar.is\/en_gb\/wp-json\/wp\/v2\/types\/product"}],"replies":[{"embeddable":true,"href":"https:\/\/ilmoliulampar.is\/en_gb\/wp-json\/wp\/v2\/comments?post=64711"}],"wp:featuredmedia":[{"embeddable":true,"href":"https:\/\/ilmoliulampar.is\/en_gb\/wp-json\/wp\/v2\/media\/64712"}],"wp:attachment":[{"href":"https:\/\/ilmoliulampar.is\/en_gb\/wp-json\/wp\/v2\/media?parent=64711"}],"wp:term":[{"taxonomy":"product_brand","embeddable":true,"href":"https:\/\/ilmoliulampar.is\/en_gb\/wp-json\/wp\/v2\/product_brand?post=64711"},{"taxonomy":"product_cat","embeddable":true,"href":"https:\/\/ilmoliulampar.is\/en_gb\/wp-json\/wp\/v2\/product_cat?post=64711"},{"taxonomy":"product_tag","embeddable":true,"href":"https:\/\/ilmoliulampar.is\/en_gb\/wp-json\/wp\/v2\/product_tag?post=64711"}],"curies":[{"name":"wp","href":"https:\/\/api.w.org\/{rel}","templated":true}]}}