{"id":64814,"date":"2025-09-08T13:33:02","date_gmt":"2025-09-08T13:33:02","guid":{"rendered":"https:\/\/ilmoliulampar.is\/?post_type=product&#038;p=64814"},"modified":"2026-02-05T16:40:03","modified_gmt":"2026-02-05T16:40:03","slug":"led-kerti-silfur-4-saman-i-pakka","status":"publish","type":"product","link":"https:\/\/ilmoliulampar.is\/en_gb\/product\/led-kerti-silfur-4-saman-i-pakka\/","title":{"rendered":"LED KERTI, SETT M\/ 4 STK, FJARST\u00ddRING &#8211; SILFUR"},"content":{"rendered":"","protected":false},"excerpt":{"rendered":"<div class=\"row itemNo\"><\/div>\n<div class=\"row name2\">\n<div class=\"value\">Silfur LED kerti, koma 4 saman \u00ed pakka me\u00f0 fjarst\u00fdringu!<\/div>\n<div class=\"value\">\n<p>\u00c6\u00f0isleg kerti sem eru s\u00e9rstaklega e\u00f0lileg, me\u00f0 vaxkenndri \u00e1fer\u00f0 og fl\u00f6ktandi loga. H\u00e6gt a\u00f0 stilla \u00e1 t\u00edmastillingu, eins velja hve margar klst skal vera kveikt \u00ed einu.<\/p>\n<\/div>\n<\/div>\n<div class=\"row laenge\">\n<div class=\"value\"><span style=\"text-decoration: underline;\">St\u00e6rri kertin st\u00e6r\u00f0:<\/span><\/div>\n<\/div>\n<div class=\"row hoehe\">\n<div class=\"label\">H\u00e6\u00f0: 15.00 cm<br \/>\nBreidd: 7.5 cm<span style=\"text-decoration: underline;\">Minni kertin st\u00e6r\u00f0:<\/span><br \/>\nH\u00e6\u00f0: 10 cm<br \/>\nBreidd: 6.5 cm<\/p>\n<\/div>\n<\/div>","protected":false},"featured_media":64817,"comment_status":"closed","ping_status":"closed","template":"","meta":[],"product_brand":[],"product_cat":[174,149],"product_tag":[],"class_list":{"0":"post-64814","1":"product","2":"type-product","3":"status-publish","4":"has-post-thumbnail","6":"product_cat-kubba-kerti","7":"product_cat-led-kerti","9":"first","10":"instock","11":"shipping-taxable","12":"purchasable","13":"product-type-variable"},"_links":{"self":[{"href":"https:\/\/ilmoliulampar.is\/en_gb\/wp-json\/wp\/v2\/product\/64814","targetHints":{"allow":["GET"]}}],"collection":[{"href":"https:\/\/ilmoliulampar.is\/en_gb\/wp-json\/wp\/v2\/product"}],"about":[{"href":"https:\/\/ilmoliulampar.is\/en_gb\/wp-json\/wp\/v2\/types\/product"}],"replies":[{"embeddable":true,"href":"https:\/\/ilmoliulampar.is\/en_gb\/wp-json\/wp\/v2\/comments?post=64814"}],"wp:featuredmedia":[{"embeddable":true,"href":"https:\/\/ilmoliulampar.is\/en_gb\/wp-json\/wp\/v2\/media\/64817"}],"wp:attachment":[{"href":"https:\/\/ilmoliulampar.is\/en_gb\/wp-json\/wp\/v2\/media?parent=64814"}],"wp:term":[{"taxonomy":"product_brand","embeddable":true,"href":"https:\/\/ilmoliulampar.is\/en_gb\/wp-json\/wp\/v2\/product_brand?post=64814"},{"taxonomy":"product_cat","embeddable":true,"href":"https:\/\/ilmoliulampar.is\/en_gb\/wp-json\/wp\/v2\/product_cat?post=64814"},{"taxonomy":"product_tag","embeddable":true,"href":"https:\/\/ilmoliulampar.is\/en_gb\/wp-json\/wp\/v2\/product_tag?post=64814"}],"curies":[{"name":"wp","href":"https:\/\/api.w.org\/{rel}","templated":true}]}}