{"id":64871,"date":"2025-09-09T15:02:41","date_gmt":"2025-09-09T15:02:41","guid":{"rendered":"https:\/\/ilmoliulampar.is\/?post_type=product&#038;p=64871"},"modified":"2026-01-30T13:01:34","modified_gmt":"2026-01-30T13:01:34","slug":"led-table-lamp-focus-2-litir","status":"publish","type":"product","link":"https:\/\/ilmoliulampar.is\/en_gb\/product\/led-table-lamp-focus-2-litir\/","title":{"rendered":"LED bor\u00f0lampi &#8211; 2 litir"},"content":{"rendered":"","protected":false},"excerpt":{"rendered":"<div class=\"row name2\">\n<div>\u00der\u00e1\u00f0laus Lampi sem \u00fe\u00fa velur hvort s\u00e9 bor\u00f0 e\u00f0a vegglampi kemur \u00ed 2 litum sv\u00f6tum &amp; hv\u00edtum<\/div>\n<div class=\"label\"><\/div>\n<div class=\"value\">LED Focus bor\u00f0lampi, white<br \/>\nm\u00e1lmur\/plast, 16,5 x 8,5 x 31,5 cm<br \/>\nveggfesting innifalin, USB-C sn\u00fara 1m, IP20,<br \/>\n1800mAh, 136 lumen, 3000-6000 Kelvin<\/div>\n<\/div>\n<div class=\"row laenge\">\n<div class=\"label\">\n<div class=\"label\">H\u00e6\u00f0:<\/div>\n<div class=\"value\">31.50 cm<\/div>\n<p>Lengd:<\/p>\n<\/div>\n<div class=\"value\">16.50 cm<\/div>\n<\/div>\n<div class=\"row breite\">\n<div class=\"label\">Breidd:<\/div>\n<div class=\"value\">8.50 cm<\/div>\n<\/div>","protected":false},"featured_media":64873,"comment_status":"closed","ping_status":"closed","template":"","meta":[],"product_brand":[],"product_cat":[184,132],"product_tag":[],"class_list":{"0":"post-64871","1":"product","2":"type-product","3":"status-publish","4":"has-post-thumbnail","6":"product_cat-bordlampar","7":"product_cat-heimilid-2","9":"first","10":"instock","11":"shipping-taxable","12":"purchasable","13":"product-type-variable"},"_links":{"self":[{"href":"https:\/\/ilmoliulampar.is\/en_gb\/wp-json\/wp\/v2\/product\/64871","targetHints":{"allow":["GET"]}}],"collection":[{"href":"https:\/\/ilmoliulampar.is\/en_gb\/wp-json\/wp\/v2\/product"}],"about":[{"href":"https:\/\/ilmoliulampar.is\/en_gb\/wp-json\/wp\/v2\/types\/product"}],"replies":[{"embeddable":true,"href":"https:\/\/ilmoliulampar.is\/en_gb\/wp-json\/wp\/v2\/comments?post=64871"}],"wp:featuredmedia":[{"embeddable":true,"href":"https:\/\/ilmoliulampar.is\/en_gb\/wp-json\/wp\/v2\/media\/64873"}],"wp:attachment":[{"href":"https:\/\/ilmoliulampar.is\/en_gb\/wp-json\/wp\/v2\/media?parent=64871"}],"wp:term":[{"taxonomy":"product_brand","embeddable":true,"href":"https:\/\/ilmoliulampar.is\/en_gb\/wp-json\/wp\/v2\/product_brand?post=64871"},{"taxonomy":"product_cat","embeddable":true,"href":"https:\/\/ilmoliulampar.is\/en_gb\/wp-json\/wp\/v2\/product_cat?post=64871"},{"taxonomy":"product_tag","embeddable":true,"href":"https:\/\/ilmoliulampar.is\/en_gb\/wp-json\/wp\/v2\/product_tag?post=64871"}],"curies":[{"name":"wp","href":"https:\/\/api.w.org\/{rel}","templated":true}]}}