{"id":64911,"date":"2025-09-12T12:43:51","date_gmt":"2025-09-12T12:43:51","guid":{"rendered":"https:\/\/ilmoliulampar.is\/?post_type=product&#038;p=64911"},"modified":"2025-09-12T12:43:51","modified_gmt":"2025-09-12T12:43:51","slug":"kertasandur-black-ilmur-halft-kilo","status":"publish","type":"product","link":"https:\/\/ilmoliulampar.is\/en_gb\/product\/kertasandur-black-ilmur-halft-kilo\/","title":{"rendered":"Kertasandur &#8211; Black ilmur &#8211; H\u00e1lft k\u00edl\u00f3"},"content":{"rendered":"","protected":false},"excerpt":{"rendered":"<p>Black ilmurinn er b\u00fainn a\u00f0 vera vins\u00e6lasti ilmurinn okkar \u00ed 13 \u00e1r !<br \/>\nLoksins kominn ketavax sandur sem gerir \u00fe\u00e9r kleyft a\u00f0 setja hann \u00ed hva\u00f0a \u00edl\u00e1t sem er, e\u00f0 sandinum fylgja 30 kerta\u00fer\u00e6\u00f0ir.<\/p>\n<p>\u2022 Create decorative candles in 3 simple steps;<br \/>\n&#8211; Pour into your favourite (candle safe) container<br \/>\n&#8211; Insert the wick<br \/>\n&#8211; Light &amp; Enjoy<br \/>\n\u2022 500g<br \/>\n\u2022 30 wicks<br \/>\n\u2022 Burn time up to 12 hours per wick<br \/>\n\u2022 Pre scented Black Signature Fragrance<br \/>\n\u2022 Vessel not included<\/p>","protected":false},"featured_media":64912,"comment_status":"closed","ping_status":"closed","template":"","meta":[],"product_brand":[],"product_cat":[124,201,202],"product_tag":[],"class_list":{"0":"post-64911","1":"product","2":"type-product","3":"status-publish","4":"has-post-thumbnail","6":"product_cat-ilmkerti","7":"product_cat-ilmkerti-2","8":"product_cat-llmkerti-sprey-2","10":"first","11":"instock","12":"shipping-taxable","13":"purchasable","14":"product-type-simple"},"_links":{"self":[{"href":"https:\/\/ilmoliulampar.is\/en_gb\/wp-json\/wp\/v2\/product\/64911","targetHints":{"allow":["GET"]}}],"collection":[{"href":"https:\/\/ilmoliulampar.is\/en_gb\/wp-json\/wp\/v2\/product"}],"about":[{"href":"https:\/\/ilmoliulampar.is\/en_gb\/wp-json\/wp\/v2\/types\/product"}],"replies":[{"embeddable":true,"href":"https:\/\/ilmoliulampar.is\/en_gb\/wp-json\/wp\/v2\/comments?post=64911"}],"wp:featuredmedia":[{"embeddable":true,"href":"https:\/\/ilmoliulampar.is\/en_gb\/wp-json\/wp\/v2\/media\/64912"}],"wp:attachment":[{"href":"https:\/\/ilmoliulampar.is\/en_gb\/wp-json\/wp\/v2\/media?parent=64911"}],"wp:term":[{"taxonomy":"product_brand","embeddable":true,"href":"https:\/\/ilmoliulampar.is\/en_gb\/wp-json\/wp\/v2\/product_brand?post=64911"},{"taxonomy":"product_cat","embeddable":true,"href":"https:\/\/ilmoliulampar.is\/en_gb\/wp-json\/wp\/v2\/product_cat?post=64911"},{"taxonomy":"product_tag","embeddable":true,"href":"https:\/\/ilmoliulampar.is\/en_gb\/wp-json\/wp\/v2\/product_tag?post=64911"}],"curies":[{"name":"wp","href":"https:\/\/api.w.org\/{rel}","templated":true}]}}