{"id":65020,"date":"2025-09-17T14:48:50","date_gmt":"2025-09-17T14:48:50","guid":{"rendered":"https:\/\/ilmoliulampar.is\/?post_type=product&#038;p=65020"},"modified":"2025-09-17T14:48:50","modified_gmt":"2025-09-17T14:48:50","slug":"stor-blomavasi-med-flottum-raunverulegum-blomum","status":"publish","type":"product","link":"https:\/\/ilmoliulampar.is\/en_gb\/product\/stor-blomavasi-med-flottum-raunverulegum-blomum\/","title":{"rendered":"St\u00f3r Bl\u00f3mavasi me\u00f0 flottum raunverulegum bl\u00f3mum"},"content":{"rendered":"","protected":false},"excerpt":{"rendered":"<p>St\u00f3r Bl\u00f3mavasi me\u00f0 fallegum mj\u00f6g raunverulegum bl\u00f3mum. Vasinn er 63 cm \u00e1 h\u00e6\u00f0 &#8211; me\u00f0 bl\u00f3munum er h\u00e6\u00f0in 150cm \u00a0 \u00a0 \u00a0 \u00a0 \u00a0 \u00a0 \u00a0 \u00a0 \u00a0 \u00a0 \u00a0 \u00a0 \u00a0 \u00a0 \u00a0 \u00a0 \u00a0 \u00a0 \u00a0 \u00a0 \u00a0 \u00a0 \u00a0 \u00a0 \u00a0 \u00a0 \u00a0 \u00a0Einstaklega smart &#8230;&#8230;<\/p>","protected":false},"featured_media":65021,"comment_status":"closed","ping_status":"closed","template":"","meta":[],"product_brand":[],"product_cat":[250,228,132],"product_tag":[],"class_list":{"0":"post-65020","1":"product","2":"type-product","3":"status-publish","4":"has-post-thumbnail","6":"product_cat-blomapottarvasar","7":"product_cat-gerviplontur","8":"product_cat-heimilid-2","9":"product_shipping_class-stor-vara","11":"first","12":"instock","13":"shipping-taxable","14":"purchasable","15":"product-type-simple"},"_links":{"self":[{"href":"https:\/\/ilmoliulampar.is\/en_gb\/wp-json\/wp\/v2\/product\/65020","targetHints":{"allow":["GET"]}}],"collection":[{"href":"https:\/\/ilmoliulampar.is\/en_gb\/wp-json\/wp\/v2\/product"}],"about":[{"href":"https:\/\/ilmoliulampar.is\/en_gb\/wp-json\/wp\/v2\/types\/product"}],"replies":[{"embeddable":true,"href":"https:\/\/ilmoliulampar.is\/en_gb\/wp-json\/wp\/v2\/comments?post=65020"}],"wp:featuredmedia":[{"embeddable":true,"href":"https:\/\/ilmoliulampar.is\/en_gb\/wp-json\/wp\/v2\/media\/65021"}],"wp:attachment":[{"href":"https:\/\/ilmoliulampar.is\/en_gb\/wp-json\/wp\/v2\/media?parent=65020"}],"wp:term":[{"taxonomy":"product_brand","embeddable":true,"href":"https:\/\/ilmoliulampar.is\/en_gb\/wp-json\/wp\/v2\/product_brand?post=65020"},{"taxonomy":"product_cat","embeddable":true,"href":"https:\/\/ilmoliulampar.is\/en_gb\/wp-json\/wp\/v2\/product_cat?post=65020"},{"taxonomy":"product_tag","embeddable":true,"href":"https:\/\/ilmoliulampar.is\/en_gb\/wp-json\/wp\/v2\/product_tag?post=65020"}],"curies":[{"name":"wp","href":"https:\/\/api.w.org\/{rel}","templated":true}]}}