{"id":65022,"date":"2025-09-17T14:51:52","date_gmt":"2025-09-17T14:51:52","guid":{"rendered":"https:\/\/ilmoliulampar.is\/?post_type=product&#038;p=65022"},"modified":"2025-09-17T14:51:52","modified_gmt":"2025-09-17T14:51:52","slug":"blomavasi-med-mjog-raunverulegum-flottum-blomum","status":"publish","type":"product","link":"https:\/\/ilmoliulampar.is\/en_gb\/product\/blomavasi-med-mjog-raunverulegum-flottum-blomum\/","title":{"rendered":"Bl\u00f3mavasi me\u00f0 mj\u00f6g raunverulegum flottum bl\u00f3mum"},"content":{"rendered":"","protected":false},"excerpt":{"rendered":"<p>Bl\u00f3mavasi me\u00f0 fallegum mj\u00f6g raunverulegum bl\u00f3mum. Vasinn er 47 cm \u00e1 h\u00e6\u00f0 &#8211; me\u00f0 bl\u00f3munum er h\u00e6\u00f0in 130cm \u00a0 \u00a0 \u00a0 \u00a0 \u00a0 \u00a0 \u00a0 \u00a0 \u00a0 \u00a0 \u00a0 \u00a0 \u00a0 \u00a0 \u00a0 \u00a0 \u00a0 \u00a0 \u00a0 \u00a0 \u00a0 \u00a0 \u00a0 \u00a0 \u00a0 \u00a0 \u00a0 \u00a0Einstaklega smart &#8230;&#8230;<\/p>","protected":false},"featured_media":65023,"comment_status":"closed","ping_status":"closed","template":"","meta":[],"product_brand":[],"product_cat":[250,228,132],"product_tag":[],"class_list":{"0":"post-65022","1":"product","2":"type-product","3":"status-publish","4":"has-post-thumbnail","6":"product_cat-blomapottarvasar","7":"product_cat-gerviplontur","8":"product_cat-heimilid-2","10":"first","11":"instock","12":"shipping-taxable","13":"purchasable","14":"product-type-simple"},"_links":{"self":[{"href":"https:\/\/ilmoliulampar.is\/en_gb\/wp-json\/wp\/v2\/product\/65022","targetHints":{"allow":["GET"]}}],"collection":[{"href":"https:\/\/ilmoliulampar.is\/en_gb\/wp-json\/wp\/v2\/product"}],"about":[{"href":"https:\/\/ilmoliulampar.is\/en_gb\/wp-json\/wp\/v2\/types\/product"}],"replies":[{"embeddable":true,"href":"https:\/\/ilmoliulampar.is\/en_gb\/wp-json\/wp\/v2\/comments?post=65022"}],"wp:featuredmedia":[{"embeddable":true,"href":"https:\/\/ilmoliulampar.is\/en_gb\/wp-json\/wp\/v2\/media\/65023"}],"wp:attachment":[{"href":"https:\/\/ilmoliulampar.is\/en_gb\/wp-json\/wp\/v2\/media?parent=65022"}],"wp:term":[{"taxonomy":"product_brand","embeddable":true,"href":"https:\/\/ilmoliulampar.is\/en_gb\/wp-json\/wp\/v2\/product_brand?post=65022"},{"taxonomy":"product_cat","embeddable":true,"href":"https:\/\/ilmoliulampar.is\/en_gb\/wp-json\/wp\/v2\/product_cat?post=65022"},{"taxonomy":"product_tag","embeddable":true,"href":"https:\/\/ilmoliulampar.is\/en_gb\/wp-json\/wp\/v2\/product_tag?post=65022"}],"curies":[{"name":"wp","href":"https:\/\/api.w.org\/{rel}","templated":true}]}}