{"id":65055,"date":"2025-09-22T16:13:02","date_gmt":"2025-09-22T16:13:02","guid":{"rendered":"https:\/\/ilmoliulampar.is\/?post_type=product&#038;p=65055"},"modified":"2026-03-25T16:29:45","modified_gmt":"2026-03-25T16:29:45","slug":"stori-gervi-tulipanar-4-litir","status":"publish","type":"product","link":"https:\/\/ilmoliulampar.is\/en_gb\/product\/stori-gervi-tulipanar-4-litir\/","title":{"rendered":"St\u00f3ri gervi T\u00fal\u00edpanar &#8211; 4 litir"},"content":{"rendered":"","protected":false},"excerpt":{"rendered":"<div class=\"row name2\">\n<div>Hrikalega flottir og raunverulegir T\u00fal\u00edpanar 63 cm \u00e1 h\u00e6\u00f0.<\/div>\n<div class=\"label\">Details<\/div>\n<div class=\"value\">Tulip polyester<br \/>\n45% EVA\/10% PVC\/40% polyester\/5% iron\/PE<\/div>\n<\/div>\n<div class=\"row laenge\">\n<div class=\"label\">Length:2.00 cm<\/div>\n<\/div>\n<div class=\"row breite\">\n<div class=\"label\">Width:2.00 cm<\/div>\n<\/div>\n<div class=\"row hoehe\">\n<div class=\"label\">Height:63.00 cm<\/div>\n<\/div>","protected":false},"featured_media":65066,"comment_status":"closed","ping_status":"closed","template":"","meta":[],"product_brand":[],"product_cat":[228],"product_tag":[],"class_list":{"0":"post-65055","1":"product","2":"type-product","3":"status-publish","4":"has-post-thumbnail","6":"product_cat-gerviplontur","8":"first","9":"instock","10":"shipping-taxable","11":"purchasable","12":"product-type-variable"},"_links":{"self":[{"href":"https:\/\/ilmoliulampar.is\/en_gb\/wp-json\/wp\/v2\/product\/65055","targetHints":{"allow":["GET"]}}],"collection":[{"href":"https:\/\/ilmoliulampar.is\/en_gb\/wp-json\/wp\/v2\/product"}],"about":[{"href":"https:\/\/ilmoliulampar.is\/en_gb\/wp-json\/wp\/v2\/types\/product"}],"replies":[{"embeddable":true,"href":"https:\/\/ilmoliulampar.is\/en_gb\/wp-json\/wp\/v2\/comments?post=65055"}],"wp:featuredmedia":[{"embeddable":true,"href":"https:\/\/ilmoliulampar.is\/en_gb\/wp-json\/wp\/v2\/media\/65066"}],"wp:attachment":[{"href":"https:\/\/ilmoliulampar.is\/en_gb\/wp-json\/wp\/v2\/media?parent=65055"}],"wp:term":[{"taxonomy":"product_brand","embeddable":true,"href":"https:\/\/ilmoliulampar.is\/en_gb\/wp-json\/wp\/v2\/product_brand?post=65055"},{"taxonomy":"product_cat","embeddable":true,"href":"https:\/\/ilmoliulampar.is\/en_gb\/wp-json\/wp\/v2\/product_cat?post=65055"},{"taxonomy":"product_tag","embeddable":true,"href":"https:\/\/ilmoliulampar.is\/en_gb\/wp-json\/wp\/v2\/product_tag?post=65055"}],"curies":[{"name":"wp","href":"https:\/\/api.w.org\/{rel}","templated":true}]}}