{"id":65165,"date":"2025-10-02T13:09:52","date_gmt":"2025-10-02T13:09:52","guid":{"rendered":"https:\/\/ilmoliulampar.is\/?post_type=product&#038;p=65165"},"modified":"2026-02-03T15:09:28","modified_gmt":"2026-02-03T15:09:28","slug":"einstok-osonud-harsapa","status":"publish","type":"product","link":"https:\/\/ilmoliulampar.is\/en_gb\/product\/einstok-osonud-harsapa\/","title":{"rendered":"Ozosana &#8211;  \u00d3sonu\u00f0 h\u00e1rs\u00e1pa"},"content":{"rendered":"","protected":false},"excerpt":{"rendered":"<div><span style=\"font-family: Avenir-Book;\">\u00a0 \u00a0 \u00a0<\/span>Einst\u00f6k \u00f3sonu\u00f0 h\u00e1rs\u00e1pa<\/div>\n<div><span style=\"font-family: Avenir-Book;\">\u00a0<\/span><\/div>\n<div><span style=\"font-family: Avenir-Book;\">H\u00e1rs\u00e1pan e\u00f0a sjamp\u00f3i\u00f0 kemur sem bar\/stykki sem er s\u00e9rstaklega \u00fe\u00e6gilegt. <\/span><span style=\"font-family: Avenir-Book;\">Mj\u00f6g gott a\u00f0 vera me\u00f0 s\u00e1pubox me\u00f0 grind \u00ed svo s\u00e1pan liggi ekki \u00ed vatni.<\/span><\/div>\n<div>\n<p><span style=\"font-family: Avenir-Book;\">\u00a0 \u00a0 \u00a0<\/span>Helstu eiginleikar:<\/p>\n<ol>\n<li><span style=\"font-family: Avenir-Book;\">Dj\u00fap\u00adhreinsun og s\u00farefnisgj\u00f6f: \u00d3son hreinsar h\u00e1rsv\u00f6r\u00f0inn \u00e1 dj\u00fapst\u00e6\u00f0an h\u00e1tt, fjarl\u00e6gir \u00f3hreinindi, umfram fitu og leifar annarra vara. \u00dea\u00f0 stu\u00f0lar einnig a\u00f0 betra s\u00farefnisfl\u00e6\u00f0i til h\u00e1rsekkjanna sem er lykilatri\u00f0i fyrir heilbrigt og sterkt h\u00e1r.<\/span><\/li>\n<li><span style=\"font-family: Avenir-Book;\">Jafnv\u00e6gi \u00ed h\u00e1rsver\u00f0i: S\u00e9rstaklega hentugt fyrir vi\u00f0kv\u00e6man, pirra\u00f0an e\u00f0a kl\u00e1\u00f0a\u00adkenndan h\u00e1rsv\u00f6r\u00f0. S\u00e1pan er b\u00f3lguey\u00f0andi og ey\u00f0ir l\u00edka \u00f6rverum. H\u00fan r\u00f3ar h\u00fa\u00f0ina, dregur \u00far fl\u00f6su og hj\u00e1lpar l\u00edka til vi\u00f0 a\u00f0 halda fituh\u00fa\u00f0b\u00f3lgu (seborrheic dermatitis) \u00ed skefjum.\u00a0<\/span><\/li>\n<li><span style=\"font-family: Avenir-Book;\">Styrking og forv\u00f6rn gegn h\u00e1rlosi: Me\u00f0 \u00fev\u00ed a\u00f0 \u00f6rva bl\u00f3\u00f0fl\u00e6\u00f0i \u00ed h\u00e1rsver\u00f0i og s\u00farefnismetta h\u00e1rsekkina styrkir \u00f3sona\u00f0 sjamp\u00f3 h\u00e1ri\u00f0 fr\u00e1 r\u00f3tum. \u00dea\u00f0 getur dregi\u00f0 \u00far \u00f3t\u00edmab\u00e6ru h\u00e1rlosi og \u00f6rva\u00f0 n\u00fdjan h\u00e1rv\u00f6xt.<\/span><\/li>\n<li><span style=\"font-family: Avenir-Book;\">Raki og n\u00e6ring: \u00d3sonu\u00f0u ol\u00edurnar n\u00e6ra og veita h\u00e1rinu dj\u00fapan raka, \u00feannig a\u00f0 \u00fea\u00f0 ver\u00f0ur mj\u00fakt, glansandi og meira teygjanlegt. Ol\u00edurnar endurheimta n\u00e1tt\u00farulegan varnarhj\u00fap h\u00e1rsvar\u00f0arins og vi\u00f0halda heilbrig\u00f0u s\u00fdrustigi (pH).<\/span><\/li>\n<li><span style=\"font-family: Avenir-Book;\">Andoxandi \u00e1hrif: \u00d3son hefur andoxunareiginleika sem verndar b\u00e6\u00f0i h\u00e1r og h\u00e1rsv\u00f6r\u00f0 fyrir ska\u00f0a af v\u00f6ldum sindurefna og umhverfis\u00e1hrifa.<\/span><\/li>\n<li><span style=\"font-family: Avenir-Book;\">Glansandi, fallegt og heilbrigt h\u00e1r: Jafnv\u00e6gi form\u00falunnar tryggir ekki a\u00f0eins hreinsun og v\u00f6rn, heldur gefur h\u00e1rinu heilbrig\u00f0ara \u00fatlit, meiri glj\u00e1a og \u00fea\u00f0 ver\u00f0ur au\u00f0veldara \u00ed me\u00f0h\u00f6ndlun.<\/span><\/li>\n<\/ol>\n<p>Fyrir hvern er \u00f3sonu\u00f0 h\u00e1rs\u00e1pa ? H\u00fan hentar s\u00e9rstaklega:<\/p>\n<ul>\n<li><span style=\"font-family: Avenir-Book;\">F\u00f3lki me\u00f0 vi\u00f0kv\u00e6man, pirra\u00f0an e\u00f0a kl\u00e1\u00f0a\u00adkenndan h\u00e1rsv\u00f6r\u00f0.<\/span><\/li>\n<li><span style=\"font-family: Avenir-Book;\">\u00deeim sem gl\u00edma vi\u00f0 fl\u00f6su e\u00f0a fituh\u00fa\u00f0b\u00f3lgu.<\/span><\/li>\n<li><span style=\"font-family: Avenir-Book;\">Einstaklingum me\u00f0 veikt, broth\u00e6tt h\u00e1r og h\u00e1rlos.<\/span><\/li>\n<li><span style=\"font-family: Avenir-Book;\">\u00deeim sem s\u00e6kjast eftir dj\u00fap\u00adhreinsun og s\u00farefnisgj\u00f6f fyrir h\u00e1ri\u00f0.<\/span><\/li>\n<li><span style=\"font-family: Avenir-Book;\">F\u00f3lki sem vill b\u00e6ta almenna heilsu og \u00fatlit h\u00e1rsins.<\/span><\/li>\n<\/ul>\n<\/div>\n<div><span style=\"font-family: Avenir-Book;\">\u00a0 \u00a0 \u00a0 \u00a0 \u00a0 \u00a0<\/span>Notkun:<\/div>\n<div><span style=\"font-family: Avenir-Book;\">\u00a0 \u00a0 \u00a0 \u00a0 \u00a0 \u00a0Notist beint \u00ed h\u00e1ri\u00f0 &#8211; nuddi\u00f0 \u00ed blautt h\u00e1ri\u00f0.<\/span><\/div>\n<div><span style=\"font-family: Avenir-Book;\">\u00a0 \u00a0 \u00a0 \u00a0 \u00a0 \u00a0Nuddi\u00f0 h\u00e1rsv\u00f6r\u00f0inn svolitla stund og skoli\u00f0 svo mj\u00f6g vel.<\/span><\/div>\n<div><span style=\"font-family: Avenir-Book;\">\u00a0<\/span><\/div>\n<div><span style=\"font-family: Avenir-Book;\">\u00a0 \u00a0 \u00a0 \u00a0 \u00a0 \u00a0S\u00e1pustykki\u00f0 er 55 gr\u00f6mm<\/span><\/div>\n<div><span style=\"font-family: Avenir-Book;\">\u00a0 \u00a0 \u00a0 \u00a0 \u00a0 \u00a0Ilmefnalaust<\/span><\/div>\n<div><span style=\"font-family: Avenir-Book;\">\u00a0 \u00a0 \u00a0 \u00a0 \u00a0 \u00a0Ekki pr\u00f3fa\u00f0 \u00e1 d\u00fdrum og er alveg laust vi\u00f0 \u00f6ll efni \u00far d\u00fdrar\u00edkinu.<\/span><\/div>\n<div><span style=\"font-family: Avenir-Book;\">\u00a0<\/span><\/div>\n<div><span style=\"font-family: Avenir-Book;\">\u00a0<\/span><\/div>\n<div><span style=\"font-family: Avenir-Book;\">\u00a0<\/span><\/div>\n<div><\/div>","protected":false},"featured_media":65166,"comment_status":"closed","ping_status":"closed","template":"","meta":[],"product_brand":[],"product_cat":[272],"product_tag":[],"class_list":{"0":"post-65165","1":"product","2":"type-product","3":"status-publish","4":"has-post-thumbnail","6":"product_cat-ozosana","8":"first","9":"instock","10":"shipping-taxable","11":"purchasable","12":"product-type-simple"},"_links":{"self":[{"href":"https:\/\/ilmoliulampar.is\/en_gb\/wp-json\/wp\/v2\/product\/65165","targetHints":{"allow":["GET"]}}],"collection":[{"href":"https:\/\/ilmoliulampar.is\/en_gb\/wp-json\/wp\/v2\/product"}],"about":[{"href":"https:\/\/ilmoliulampar.is\/en_gb\/wp-json\/wp\/v2\/types\/product"}],"replies":[{"embeddable":true,"href":"https:\/\/ilmoliulampar.is\/en_gb\/wp-json\/wp\/v2\/comments?post=65165"}],"wp:featuredmedia":[{"embeddable":true,"href":"https:\/\/ilmoliulampar.is\/en_gb\/wp-json\/wp\/v2\/media\/65166"}],"wp:attachment":[{"href":"https:\/\/ilmoliulampar.is\/en_gb\/wp-json\/wp\/v2\/media?parent=65165"}],"wp:term":[{"taxonomy":"product_brand","embeddable":true,"href":"https:\/\/ilmoliulampar.is\/en_gb\/wp-json\/wp\/v2\/product_brand?post=65165"},{"taxonomy":"product_cat","embeddable":true,"href":"https:\/\/ilmoliulampar.is\/en_gb\/wp-json\/wp\/v2\/product_cat?post=65165"},{"taxonomy":"product_tag","embeddable":true,"href":"https:\/\/ilmoliulampar.is\/en_gb\/wp-json\/wp\/v2\/product_tag?post=65165"}],"curies":[{"name":"wp","href":"https:\/\/api.w.org\/{rel}","templated":true}]}}