{"id":65168,"date":"2025-10-02T14:14:48","date_gmt":"2025-10-02T14:14:48","guid":{"rendered":"https:\/\/ilmoliulampar.is\/?post_type=product&#038;p=65168"},"modified":"2025-10-11T15:21:58","modified_gmt":"2025-10-11T15:21:58","slug":"litrikir-postulin-bollar-4-litir","status":"publish","type":"product","link":"https:\/\/ilmoliulampar.is\/en_gb\/product\/litrikir-postulin-bollar-4-litir\/","title":{"rendered":"Litr\u00edkir postul\u00edns bollar &#8211; 4 litir"},"content":{"rendered":"","protected":false},"excerpt":{"rendered":"<div class=\"row name2\">\n<div class=\"label\">\u00d3tr\u00falega flottir og vanda\u00f0ir postul\u00edns bollar me\u00f0 gyllingu.<\/div>\n<div class=\"value\">\n<p>Notist ekki \u00ed \u00f6rbylgjuofn e\u00f0a setji\u00f0 \u00ed upp\u00fevottav\u00e9l.<\/p>\n<\/div>\n<\/div>\n<div class=\"row laenge\">\n<div class=\"label\">Lengd 11,5cm m\/haldi<\/div>\n<\/div>\n<div class=\"row breite\">\n<div class=\"label\">D\u00fdpt 8cm<\/div>\n<\/div>\n<div class=\"row hoehe\">\n<div class=\"label\">H\u00e6\u00f0 10cm<\/div>\n<\/div>\n<div class=\"row material\">\n<div class=\"label\">Efni Postul\u00edn<\/div>\n<\/div>","protected":false},"featured_media":65169,"comment_status":"closed","ping_status":"closed","template":"","meta":[],"product_brand":[],"product_cat":[255,132],"product_tag":[],"class_list":{"0":"post-65168","1":"product","2":"type-product","3":"status-publish","4":"has-post-thumbnail","6":"product_cat-bordbunadur","7":"product_cat-heimilid-2","9":"first","10":"instock","11":"shipping-taxable","12":"purchasable","13":"product-type-variable"},"_links":{"self":[{"href":"https:\/\/ilmoliulampar.is\/en_gb\/wp-json\/wp\/v2\/product\/65168","targetHints":{"allow":["GET"]}}],"collection":[{"href":"https:\/\/ilmoliulampar.is\/en_gb\/wp-json\/wp\/v2\/product"}],"about":[{"href":"https:\/\/ilmoliulampar.is\/en_gb\/wp-json\/wp\/v2\/types\/product"}],"replies":[{"embeddable":true,"href":"https:\/\/ilmoliulampar.is\/en_gb\/wp-json\/wp\/v2\/comments?post=65168"}],"wp:featuredmedia":[{"embeddable":true,"href":"https:\/\/ilmoliulampar.is\/en_gb\/wp-json\/wp\/v2\/media\/65169"}],"wp:attachment":[{"href":"https:\/\/ilmoliulampar.is\/en_gb\/wp-json\/wp\/v2\/media?parent=65168"}],"wp:term":[{"taxonomy":"product_brand","embeddable":true,"href":"https:\/\/ilmoliulampar.is\/en_gb\/wp-json\/wp\/v2\/product_brand?post=65168"},{"taxonomy":"product_cat","embeddable":true,"href":"https:\/\/ilmoliulampar.is\/en_gb\/wp-json\/wp\/v2\/product_cat?post=65168"},{"taxonomy":"product_tag","embeddable":true,"href":"https:\/\/ilmoliulampar.is\/en_gb\/wp-json\/wp\/v2\/product_tag?post=65168"}],"curies":[{"name":"wp","href":"https:\/\/api.w.org\/{rel}","templated":true}]}}