{"id":65235,"date":"2025-10-03T11:27:20","date_gmt":"2025-10-03T11:27:20","guid":{"rendered":"https:\/\/ilmoliulampar.is\/?post_type=product&#038;p=65235"},"modified":"2026-01-17T14:06:09","modified_gmt":"2026-01-17T14:06:09","slug":"lotus-kristalstjaki-3-litir","status":"publish","type":"product","link":"https:\/\/ilmoliulampar.is\/en_gb\/product\/lotus-kristalstjaki-3-litir\/","title":{"rendered":"Lotus kristalstjaki &#8211; 4 litir"},"content":{"rendered":"","protected":false},"excerpt":{"rendered":"<div class=\"row laenge\">\n<div>\u00d3tr\u00falega flottir L\u00f3tus kristalkertastjakar sem koma \u00ed 4 litum.<\/div>\n<\/div>\n<div class=\"row breite\">\n<div class=\"label\"><\/div>\n<\/div>\n<div class=\"row hoehe\">\n<div class=\"label\">H\u00e6\u00f0: 4,5 cm<br \/>\n\u00deverm\u00e1l: 12 cm<\/div>\n<\/div>","protected":false},"featured_media":65245,"comment_status":"closed","ping_status":"closed","template":"","meta":[],"product_brand":[],"product_cat":[132,246],"product_tag":[],"class_list":{"0":"post-65235","1":"product","2":"type-product","3":"status-publish","4":"has-post-thumbnail","6":"product_cat-heimilid-2","7":"product_cat-kertastjakar","9":"first","10":"instock","11":"shipping-taxable","12":"purchasable","13":"product-type-variable"},"_links":{"self":[{"href":"https:\/\/ilmoliulampar.is\/en_gb\/wp-json\/wp\/v2\/product\/65235","targetHints":{"allow":["GET"]}}],"collection":[{"href":"https:\/\/ilmoliulampar.is\/en_gb\/wp-json\/wp\/v2\/product"}],"about":[{"href":"https:\/\/ilmoliulampar.is\/en_gb\/wp-json\/wp\/v2\/types\/product"}],"replies":[{"embeddable":true,"href":"https:\/\/ilmoliulampar.is\/en_gb\/wp-json\/wp\/v2\/comments?post=65235"}],"wp:featuredmedia":[{"embeddable":true,"href":"https:\/\/ilmoliulampar.is\/en_gb\/wp-json\/wp\/v2\/media\/65245"}],"wp:attachment":[{"href":"https:\/\/ilmoliulampar.is\/en_gb\/wp-json\/wp\/v2\/media?parent=65235"}],"wp:term":[{"taxonomy":"product_brand","embeddable":true,"href":"https:\/\/ilmoliulampar.is\/en_gb\/wp-json\/wp\/v2\/product_brand?post=65235"},{"taxonomy":"product_cat","embeddable":true,"href":"https:\/\/ilmoliulampar.is\/en_gb\/wp-json\/wp\/v2\/product_cat?post=65235"},{"taxonomy":"product_tag","embeddable":true,"href":"https:\/\/ilmoliulampar.is\/en_gb\/wp-json\/wp\/v2\/product_tag?post=65235"}],"curies":[{"name":"wp","href":"https:\/\/api.w.org\/{rel}","templated":true}]}}