{"id":65315,"date":"2025-10-13T15:44:18","date_gmt":"2025-10-13T15:44:18","guid":{"rendered":"https:\/\/ilmoliulampar.is\/?post_type=product&#038;p=65315"},"modified":"2025-10-14T15:00:45","modified_gmt":"2025-10-14T15:00:45","slug":"veremundo-ilmkerti-clean-cotton","status":"publish","type":"product","link":"https:\/\/ilmoliulampar.is\/en_gb\/product\/veremundo-ilmkerti-clean-cotton\/","title":{"rendered":"Veremundo &#8211; ilmkerti &#8211; Dreams Cotton"},"content":{"rendered":"","protected":false},"excerpt":{"rendered":"<p>Ilmkertin fr\u00e1 Veremundo eru \u00f3tr\u00falega v\u00f6ndu\u00f0.<br \/>\nClean cotton ilmar alveg eins og hreinn \u00fevottur , alveg s\u00fa sama og \u00ed ilmst\u00f6ngunum.<br \/>\nKertin eru unnin \u00far &#8220; Vegetable vaxi &#8220;<br \/>\nGleri\u00f0 er 100 % endurunni\u00f0 gler og loki\u00f0 er \u00far tr\u00e9<br \/>\n275 gr<\/p>","protected":false},"featured_media":65316,"comment_status":"closed","ping_status":"closed","template":"","meta":[],"product_brand":[],"product_cat":[124,201],"product_tag":[],"class_list":{"0":"post-65315","1":"product","2":"type-product","3":"status-publish","4":"has-post-thumbnail","6":"product_cat-ilmkerti","7":"product_cat-ilmkerti-2","9":"first","10":"instock","11":"shipping-taxable","12":"purchasable","13":"product-type-simple"},"_links":{"self":[{"href":"https:\/\/ilmoliulampar.is\/en_gb\/wp-json\/wp\/v2\/product\/65315","targetHints":{"allow":["GET"]}}],"collection":[{"href":"https:\/\/ilmoliulampar.is\/en_gb\/wp-json\/wp\/v2\/product"}],"about":[{"href":"https:\/\/ilmoliulampar.is\/en_gb\/wp-json\/wp\/v2\/types\/product"}],"replies":[{"embeddable":true,"href":"https:\/\/ilmoliulampar.is\/en_gb\/wp-json\/wp\/v2\/comments?post=65315"}],"wp:featuredmedia":[{"embeddable":true,"href":"https:\/\/ilmoliulampar.is\/en_gb\/wp-json\/wp\/v2\/media\/65316"}],"wp:attachment":[{"href":"https:\/\/ilmoliulampar.is\/en_gb\/wp-json\/wp\/v2\/media?parent=65315"}],"wp:term":[{"taxonomy":"product_brand","embeddable":true,"href":"https:\/\/ilmoliulampar.is\/en_gb\/wp-json\/wp\/v2\/product_brand?post=65315"},{"taxonomy":"product_cat","embeddable":true,"href":"https:\/\/ilmoliulampar.is\/en_gb\/wp-json\/wp\/v2\/product_cat?post=65315"},{"taxonomy":"product_tag","embeddable":true,"href":"https:\/\/ilmoliulampar.is\/en_gb\/wp-json\/wp\/v2\/product_tag?post=65315"}],"curies":[{"name":"wp","href":"https:\/\/api.w.org\/{rel}","templated":true}]}}