{"id":65317,"date":"2025-10-13T15:49:51","date_gmt":"2025-10-13T15:49:51","guid":{"rendered":"https:\/\/ilmoliulampar.is\/?post_type=product&#038;p=65317"},"modified":"2025-10-14T14:53:10","modified_gmt":"2025-10-14T14:53:10","slug":"veremundo-ilmkerti-orange-cinnamon","status":"publish","type":"product","link":"https:\/\/ilmoliulampar.is\/en_gb\/product\/veremundo-ilmkerti-orange-cinnamon\/","title":{"rendered":"Veremundo &#8211; ilmkerti &#8211; Orange &#038; Cinnamon"},"content":{"rendered":"","protected":false},"excerpt":{"rendered":"<p>Ilmkertin fr\u00e1 Veremundo eru \u00f3tr\u00falega v\u00f6ndu\u00f0.<br \/>\nOrange &amp; Cinnamon er \u00f3tr\u00falega fersk og g\u00f3\u00f0, minnir \u00e1 j\u00f3lin , alveg s\u00fa sama og \u00ed ilmst\u00f6ngunum.<br \/>\nKertin eru unnin \u00far &#8220; Vegetable vaxi &#8220;<br \/>\nGleri\u00f0 er 100 % endurunni\u00f0 gler og loki\u00f0 er \u00far tr\u00e9<br \/>\n275 gr<\/p>\n<p>70 klst brennslut\u00edmi<\/p>","protected":false},"featured_media":65318,"comment_status":"closed","ping_status":"closed","template":"","meta":[],"product_brand":[],"product_cat":[124,201],"product_tag":[],"class_list":{"0":"post-65317","1":"product","2":"type-product","3":"status-publish","4":"has-post-thumbnail","6":"product_cat-ilmkerti","7":"product_cat-ilmkerti-2","9":"first","10":"instock","11":"shipping-taxable","12":"purchasable","13":"product-type-simple"},"_links":{"self":[{"href":"https:\/\/ilmoliulampar.is\/en_gb\/wp-json\/wp\/v2\/product\/65317","targetHints":{"allow":["GET"]}}],"collection":[{"href":"https:\/\/ilmoliulampar.is\/en_gb\/wp-json\/wp\/v2\/product"}],"about":[{"href":"https:\/\/ilmoliulampar.is\/en_gb\/wp-json\/wp\/v2\/types\/product"}],"replies":[{"embeddable":true,"href":"https:\/\/ilmoliulampar.is\/en_gb\/wp-json\/wp\/v2\/comments?post=65317"}],"wp:featuredmedia":[{"embeddable":true,"href":"https:\/\/ilmoliulampar.is\/en_gb\/wp-json\/wp\/v2\/media\/65318"}],"wp:attachment":[{"href":"https:\/\/ilmoliulampar.is\/en_gb\/wp-json\/wp\/v2\/media?parent=65317"}],"wp:term":[{"taxonomy":"product_brand","embeddable":true,"href":"https:\/\/ilmoliulampar.is\/en_gb\/wp-json\/wp\/v2\/product_brand?post=65317"},{"taxonomy":"product_cat","embeddable":true,"href":"https:\/\/ilmoliulampar.is\/en_gb\/wp-json\/wp\/v2\/product_cat?post=65317"},{"taxonomy":"product_tag","embeddable":true,"href":"https:\/\/ilmoliulampar.is\/en_gb\/wp-json\/wp\/v2\/product_tag?post=65317"}],"curies":[{"name":"wp","href":"https:\/\/api.w.org\/{rel}","templated":true}]}}