{"id":65319,"date":"2025-10-13T15:51:39","date_gmt":"2025-10-13T15:51:39","guid":{"rendered":"https:\/\/ilmoliulampar.is\/?post_type=product&#038;p=65319"},"modified":"2026-03-09T12:28:59","modified_gmt":"2026-03-09T12:28:59","slug":"veremundo-ilmkerti-camomile-lavender","status":"publish","type":"product","link":"https:\/\/ilmoliulampar.is\/en_gb\/product\/veremundo-ilmkerti-camomile-lavender\/","title":{"rendered":"Veremundo &#8211; ilmkerti &#8211; Camomila &#038; Lavender"},"content":{"rendered":"","protected":false},"excerpt":{"rendered":"<p>Ilmkertin fr\u00e1 Veremundo eru \u00f3tr\u00falega v\u00f6ndu\u00f0.<br \/>\n\u00deetta er lang vins\u00e6lasta lyktin \u00far l\u00ednunni og flestir \u00e6ttu a\u00f0 \u00feekkja ilmol\u00edunna , alveg s\u00fa sama og \u00ed ilmst\u00f6ngunum.<br \/>\nKertin eru unnin \u00far &#8220; Vegetable vaxi &#8220;<br \/>\nGleri\u00f0 er 100 % endurunni\u00f0 gler og loki\u00f0 er \u00far tr\u00e9<br \/>\n275 gr<\/p>\n<p>70 klst brennslut\u00edmi<\/p>","protected":false},"featured_media":65320,"comment_status":"closed","ping_status":"closed","template":"","meta":[],"product_brand":[],"product_cat":[124,201],"product_tag":[],"class_list":{"0":"post-65319","1":"product","2":"type-product","3":"status-publish","4":"has-post-thumbnail","6":"product_cat-ilmkerti","7":"product_cat-ilmkerti-2","9":"first","10":"instock","11":"shipping-taxable","12":"purchasable","13":"product-type-simple"},"_links":{"self":[{"href":"https:\/\/ilmoliulampar.is\/en_gb\/wp-json\/wp\/v2\/product\/65319","targetHints":{"allow":["GET"]}}],"collection":[{"href":"https:\/\/ilmoliulampar.is\/en_gb\/wp-json\/wp\/v2\/product"}],"about":[{"href":"https:\/\/ilmoliulampar.is\/en_gb\/wp-json\/wp\/v2\/types\/product"}],"replies":[{"embeddable":true,"href":"https:\/\/ilmoliulampar.is\/en_gb\/wp-json\/wp\/v2\/comments?post=65319"}],"wp:featuredmedia":[{"embeddable":true,"href":"https:\/\/ilmoliulampar.is\/en_gb\/wp-json\/wp\/v2\/media\/65320"}],"wp:attachment":[{"href":"https:\/\/ilmoliulampar.is\/en_gb\/wp-json\/wp\/v2\/media?parent=65319"}],"wp:term":[{"taxonomy":"product_brand","embeddable":true,"href":"https:\/\/ilmoliulampar.is\/en_gb\/wp-json\/wp\/v2\/product_brand?post=65319"},{"taxonomy":"product_cat","embeddable":true,"href":"https:\/\/ilmoliulampar.is\/en_gb\/wp-json\/wp\/v2\/product_cat?post=65319"},{"taxonomy":"product_tag","embeddable":true,"href":"https:\/\/ilmoliulampar.is\/en_gb\/wp-json\/wp\/v2\/product_tag?post=65319"}],"curies":[{"name":"wp","href":"https:\/\/api.w.org\/{rel}","templated":true}]}}