{"id":65327,"date":"2025-10-14T11:16:14","date_gmt":"2025-10-14T11:16:14","guid":{"rendered":"https:\/\/ilmoliulampar.is\/?post_type=product&#038;p=65327"},"modified":"2025-10-14T14:51:06","modified_gmt":"2025-10-14T14:51:06","slug":"veremundo-ilmkerti-vanilla-cinnamon","status":"publish","type":"product","link":"https:\/\/ilmoliulampar.is\/en_gb\/product\/veremundo-ilmkerti-vanilla-cinnamon\/","title":{"rendered":"Veremundo &#8211; ilmkerti &#8211; Vanilla &#038; Cinnamon"},"content":{"rendered":"","protected":false},"excerpt":{"rendered":"<p>Ilmkertin fr\u00e1 Veremundo eru \u00f3tr\u00falega v\u00f6ndu\u00f0.<br \/>\nVanilla &amp; Cinnamon er \u00f3tr\u00falega hl\u00fd og g\u00f3\u00f0, minnir \u00e1 j\u00f3lin , alveg s\u00fa sama og \u00ed ilmst\u00f6ngunum.<br \/>\nKertin eru unnin \u00far \u201c Vegetable vaxi \u201c<br \/>\nGleri\u00f0 er 100 % endurunni\u00f0 gler og loki\u00f0 er \u00far tr\u00e9<br \/>\n275 gr<\/p>\n<p>70 klst brennslut\u00edmi<\/p>","protected":false},"featured_media":65328,"comment_status":"closed","ping_status":"closed","template":"","meta":[],"product_brand":[],"product_cat":[124,201,180],"product_tag":[],"class_list":{"0":"post-65327","1":"product","2":"type-product","3":"status-publish","4":"has-post-thumbnail","6":"product_cat-ilmkerti","7":"product_cat-ilmkerti-2","8":"product_cat-ilmvorur","10":"first","11":"instock","12":"shipping-taxable","13":"purchasable","14":"product-type-simple"},"_links":{"self":[{"href":"https:\/\/ilmoliulampar.is\/en_gb\/wp-json\/wp\/v2\/product\/65327","targetHints":{"allow":["GET"]}}],"collection":[{"href":"https:\/\/ilmoliulampar.is\/en_gb\/wp-json\/wp\/v2\/product"}],"about":[{"href":"https:\/\/ilmoliulampar.is\/en_gb\/wp-json\/wp\/v2\/types\/product"}],"replies":[{"embeddable":true,"href":"https:\/\/ilmoliulampar.is\/en_gb\/wp-json\/wp\/v2\/comments?post=65327"}],"wp:featuredmedia":[{"embeddable":true,"href":"https:\/\/ilmoliulampar.is\/en_gb\/wp-json\/wp\/v2\/media\/65328"}],"wp:attachment":[{"href":"https:\/\/ilmoliulampar.is\/en_gb\/wp-json\/wp\/v2\/media?parent=65327"}],"wp:term":[{"taxonomy":"product_brand","embeddable":true,"href":"https:\/\/ilmoliulampar.is\/en_gb\/wp-json\/wp\/v2\/product_brand?post=65327"},{"taxonomy":"product_cat","embeddable":true,"href":"https:\/\/ilmoliulampar.is\/en_gb\/wp-json\/wp\/v2\/product_cat?post=65327"},{"taxonomy":"product_tag","embeddable":true,"href":"https:\/\/ilmoliulampar.is\/en_gb\/wp-json\/wp\/v2\/product_tag?post=65327"}],"curies":[{"name":"wp","href":"https:\/\/api.w.org\/{rel}","templated":true}]}}