{"id":65973,"date":"2025-10-27T15:53:55","date_gmt":"2025-10-27T15:53:55","guid":{"rendered":"https:\/\/ilmoliulampar.is\/?post_type=product&#038;p=65973"},"modified":"2025-10-28T14:21:44","modified_gmt":"2025-10-28T14:21:44","slug":"ilmkerti-handunnin-kerti-med-kristolum-og-thurrkudum-blomum-6-typur","status":"publish","type":"product","link":"https:\/\/ilmoliulampar.is\/en_gb\/product\/ilmkerti-handunnin-kerti-med-kristolum-og-thurrkudum-blomum-6-typur\/","title":{"rendered":"Ilmkerti &#8211; Handunnin kerti me\u00f0 krist\u00f6lum og \u00feurrku\u00f0um bl\u00f3mum &#8211; 6 t\u00fdpur"},"content":{"rendered":"","protected":false},"excerpt":{"rendered":"<p><b>T\u00f6frar n\u00e1tt\u00farunnar \u00ed hverju kerti<br \/>\nHvert kerti kemur me\u00f0 Tarot spili.<br \/>\n<\/b>Hop Hare Crystal Magic Flower Candles eru handunnin kerti sem sameina<br \/>\nn\u00e1tt\u00farulega ilmi, kristalla og \u00feurrku\u00f0 bl\u00f3m \u00ed fallegu gler\u00edl\u00e1ti me\u00f0 vi\u00f0ar\u00e9l. Hvert kerti<br \/>\nt\u00e1knar \u00e1kve\u00f0na orku fr\u00e1 \u00e1st og r\u00f3 til gle\u00f0i og einbeitingar og inniheldur<br \/>\nvi\u00f0eigandi kristal sem tengist \u00feeirri tilfinningu. Kertin eru h\u00f6nnu\u00f0 til a\u00f0 skapa<br \/>\nfri\u00f0s\u00e6lt andr\u00famsloft og hafa brennslut\u00edma um 22 klukkustundir.<\/p>\n<p class=\"p1\"><b>The Lovers \u2013 R\u00f3sa &amp; R\u00f3sakvarz<br \/>\n<\/b>Kerti\u00f0 The Lovers fangar orku \u00e1star og samkenndar. Ilmurinn er mj\u00fakur<br \/>\nbl\u00f3mailmur me\u00f0 r\u00f3sum og ferskum t\u00f3num. Mi\u00f0punkturinn er r\u00f3sakvarz, steinn<br \/>\nsem t\u00e1knar hjartast\u00f6\u00f0una og eykur \u00e1st, k\u00e6rleika og sj\u00e1lfsvinsemd.<\/p>\n<p class=\"p1\"><b>The Knight of Swords \u2013 Sedrusvi\u00f0 &amp; Svartur \u00d3bs\u00edd\u00edan<br \/>\n<\/b>\u00deetta kerti mi\u00f0lar styrk og sk\u00fdrleika. Dj\u00fapur ilmur sedrusvi\u00f0s fyllir r\u00fdmi\u00f0 og eykur<br \/>\njar\u00f0tengingu. Svartur \u00f3bs\u00edd\u00edan styrkir andlegan f\u00f3kus og hreinsar hugann, sem<br \/>\ngerir kerti\u00f0 fullkomi\u00f0 til huglei\u00f0slu e\u00f0a vinnu.<\/p>\n<p class=\"p1\"><b>The Magician \u2013 Mynta &amp; Jadasteinn<br \/>\n<\/b>The Magician kveikir n\u00fdja orku og hugarfri\u00f0. Hressandi ilmur t\u00f6framintu blandast<br \/>\ngr\u00e6num t\u00f3num jadasteins, sem er t\u00e1kn um jafnv\u00e6gi og andlega r\u00f3. Kerti\u00f0 hentar<br \/>\nvel \u00feegar \u00fe\u00fa vilt skapa ferskt og j\u00e1kv\u00e6tt andr\u00famsloft.<\/p>\n<p class=\"p1\"><b>The Moon \u2013 Lavender &amp; Amet\u00fdst<br \/>\n<\/b>Kerti\u00f0 The Moon er r\u00f3andi og draumkennt. Ilmur lavenderbrekka umlykur r\u00fdmi\u00f0<br \/>\nme\u00f0 kyrr\u00f0 og m\u00fdkt. Amet\u00fdstinn styrkir innri fri\u00f0 og tengir vi\u00f0 inns\u00e6i, sem gerir \u00feetta<br \/>\nkerti fullkomi\u00f0 fyrir kv\u00f6ldr\u00f3 e\u00f0a svefn.<\/p>\n<p>The Lion<br \/>\nKerti\u00f0 \u00fee Lion er me\u00f0 Bergkristal &amp; Bl\u00f3mum.<\/p>\n<p>The Devil<br \/>\nKerti\u00f0 the Devil er unni\u00f0 me\u00f0 rau\u00f0um jaspis, sv\u00f6rtum agat &amp; inniheldur<br \/>\n\u00feurrku\u00f0 bl\u00f3m.<\/p>\n<p>&nbsp;<\/p>","protected":false},"featured_media":65980,"comment_status":"closed","ping_status":"closed","template":"","meta":[],"product_brand":[],"product_cat":[201,202],"product_tag":[],"class_list":{"0":"post-65973","1":"product","2":"type-product","3":"status-publish","4":"has-post-thumbnail","6":"product_cat-ilmkerti-2","7":"product_cat-llmkerti-sprey-2","9":"first","10":"instock","11":"shipping-taxable","12":"purchasable","13":"product-type-variable"},"_links":{"self":[{"href":"https:\/\/ilmoliulampar.is\/en_gb\/wp-json\/wp\/v2\/product\/65973","targetHints":{"allow":["GET"]}}],"collection":[{"href":"https:\/\/ilmoliulampar.is\/en_gb\/wp-json\/wp\/v2\/product"}],"about":[{"href":"https:\/\/ilmoliulampar.is\/en_gb\/wp-json\/wp\/v2\/types\/product"}],"replies":[{"embeddable":true,"href":"https:\/\/ilmoliulampar.is\/en_gb\/wp-json\/wp\/v2\/comments?post=65973"}],"wp:featuredmedia":[{"embeddable":true,"href":"https:\/\/ilmoliulampar.is\/en_gb\/wp-json\/wp\/v2\/media\/65980"}],"wp:attachment":[{"href":"https:\/\/ilmoliulampar.is\/en_gb\/wp-json\/wp\/v2\/media?parent=65973"}],"wp:term":[{"taxonomy":"product_brand","embeddable":true,"href":"https:\/\/ilmoliulampar.is\/en_gb\/wp-json\/wp\/v2\/product_brand?post=65973"},{"taxonomy":"product_cat","embeddable":true,"href":"https:\/\/ilmoliulampar.is\/en_gb\/wp-json\/wp\/v2\/product_cat?post=65973"},{"taxonomy":"product_tag","embeddable":true,"href":"https:\/\/ilmoliulampar.is\/en_gb\/wp-json\/wp\/v2\/product_tag?post=65973"}],"curies":[{"name":"wp","href":"https:\/\/api.w.org\/{rel}","templated":true}]}}