{"id":66178,"date":"2025-11-03T11:26:38","date_gmt":"2025-11-03T11:26:38","guid":{"rendered":"https:\/\/ilmoliulampar.is\/?post_type=product&#038;p=66178"},"modified":"2026-02-13T17:13:13","modified_gmt":"2026-02-13T17:13:13","slug":"bleikir-lampaskermar-2-stk","status":"publish","type":"product","link":"https:\/\/ilmoliulampar.is\/en_gb\/product\/bleikir-lampaskermar-2-stk\/","title":{"rendered":"Bleikir lampaskermar 2 stk"},"content":{"rendered":"","protected":false},"excerpt":{"rendered":"<p>Litlir bleikir lampaskermar<br \/>\nEfni: Sat\u00edn<br \/>\nSt\u00e6r\u00f0: 11cm h\u00e6\u00f0 &#8211; 12cm breidd a\u00f0 ne\u00f0an &#8211; 8cm breidd a\u00f0 ofan.<br \/>\n\u00deeir eru seldir 2 stk saman \u00e1 5400 kr.<\/p>\n<p>&nbsp;<\/p>","protected":false},"featured_media":66179,"comment_status":"closed","ping_status":"closed","template":"","meta":[],"product_brand":[],"product_cat":[184,132],"product_tag":[],"class_list":{"0":"post-66178","1":"product","2":"type-product","3":"status-publish","4":"has-post-thumbnail","6":"product_cat-bordlampar","7":"product_cat-heimilid-2","9":"first","10":"outofstock","11":"shipping-taxable","12":"purchasable","13":"product-type-simple"},"_links":{"self":[{"href":"https:\/\/ilmoliulampar.is\/en_gb\/wp-json\/wp\/v2\/product\/66178","targetHints":{"allow":["GET"]}}],"collection":[{"href":"https:\/\/ilmoliulampar.is\/en_gb\/wp-json\/wp\/v2\/product"}],"about":[{"href":"https:\/\/ilmoliulampar.is\/en_gb\/wp-json\/wp\/v2\/types\/product"}],"replies":[{"embeddable":true,"href":"https:\/\/ilmoliulampar.is\/en_gb\/wp-json\/wp\/v2\/comments?post=66178"}],"wp:featuredmedia":[{"embeddable":true,"href":"https:\/\/ilmoliulampar.is\/en_gb\/wp-json\/wp\/v2\/media\/66179"}],"wp:attachment":[{"href":"https:\/\/ilmoliulampar.is\/en_gb\/wp-json\/wp\/v2\/media?parent=66178"}],"wp:term":[{"taxonomy":"product_brand","embeddable":true,"href":"https:\/\/ilmoliulampar.is\/en_gb\/wp-json\/wp\/v2\/product_brand?post=66178"},{"taxonomy":"product_cat","embeddable":true,"href":"https:\/\/ilmoliulampar.is\/en_gb\/wp-json\/wp\/v2\/product_cat?post=66178"},{"taxonomy":"product_tag","embeddable":true,"href":"https:\/\/ilmoliulampar.is\/en_gb\/wp-json\/wp\/v2\/product_tag?post=66178"}],"curies":[{"name":"wp","href":"https:\/\/api.w.org\/{rel}","templated":true}]}}