{"id":66192,"date":"2025-11-03T17:12:03","date_gmt":"2025-11-03T17:12:03","guid":{"rendered":"https:\/\/ilmoliulampar.is\/?post_type=product&#038;p=66192"},"modified":"2025-11-03T17:25:19","modified_gmt":"2025-11-03T17:25:19","slug":"grace-loftljos-litid-2","status":"publish","type":"product","link":"https:\/\/ilmoliulampar.is\/en_gb\/product\/grace-loftljos-litid-2\/","title":{"rendered":"GRACE loftlj\u00f3s &#8211; l\u00edti\u00f0"},"content":{"rendered":"","protected":false},"excerpt":{"rendered":"<p>Grace loftlj\u00f3s \u2013 V\u00ednrautt<\/p>\n<p>L\u00edtillega \u00fatlitsgalla\u00f0 \u2013 p\u00ednul\u00edtil rispa \u00e1 glerinu \u2013 Er ekki \u00ed upprunanlegum kassa \u2013 ATH: Pera fylgir ekki<\/p>\n<p>Vi\u00f0 eigum einfaldlega ekki n\u00f3gu g\u00f3\u00f0 l\u00fdsingaror\u00f0 yfir \u00feessa d\u00fdr\u00f0!<br \/>\nFr\u00f6nsk h\u00f6nnun &amp; framlei\u00f0sla !<\/p>\n<p>St\u00e6r\u00f0:\u00a0200\u00d7120 mm (st\u00e6r\u00f0 \u00e1 k\u00fapli)<\/p>","protected":false},"featured_media":66193,"comment_status":"closed","ping_status":"closed","template":"","meta":[],"product_brand":[],"product_cat":[230],"product_tag":[],"class_list":{"0":"post-66192","1":"product","2":"type-product","3":"status-publish","4":"has-post-thumbnail","6":"product_cat-laekkadverd","8":"first","9":"instock","10":"sale","11":"shipping-taxable","12":"purchasable","13":"product-type-simple"},"_links":{"self":[{"href":"https:\/\/ilmoliulampar.is\/en_gb\/wp-json\/wp\/v2\/product\/66192","targetHints":{"allow":["GET"]}}],"collection":[{"href":"https:\/\/ilmoliulampar.is\/en_gb\/wp-json\/wp\/v2\/product"}],"about":[{"href":"https:\/\/ilmoliulampar.is\/en_gb\/wp-json\/wp\/v2\/types\/product"}],"replies":[{"embeddable":true,"href":"https:\/\/ilmoliulampar.is\/en_gb\/wp-json\/wp\/v2\/comments?post=66192"}],"wp:featuredmedia":[{"embeddable":true,"href":"https:\/\/ilmoliulampar.is\/en_gb\/wp-json\/wp\/v2\/media\/66193"}],"wp:attachment":[{"href":"https:\/\/ilmoliulampar.is\/en_gb\/wp-json\/wp\/v2\/media?parent=66192"}],"wp:term":[{"taxonomy":"product_brand","embeddable":true,"href":"https:\/\/ilmoliulampar.is\/en_gb\/wp-json\/wp\/v2\/product_brand?post=66192"},{"taxonomy":"product_cat","embeddable":true,"href":"https:\/\/ilmoliulampar.is\/en_gb\/wp-json\/wp\/v2\/product_cat?post=66192"},{"taxonomy":"product_tag","embeddable":true,"href":"https:\/\/ilmoliulampar.is\/en_gb\/wp-json\/wp\/v2\/product_tag?post=66192"}],"curies":[{"name":"wp","href":"https:\/\/api.w.org\/{rel}","templated":true}]}}