{"id":66226,"date":"2025-11-04T11:35:29","date_gmt":"2025-11-04T11:35:29","guid":{"rendered":"https:\/\/ilmoliulampar.is\/?post_type=product&#038;p=66226"},"modified":"2026-01-27T17:16:29","modified_gmt":"2026-01-27T17:16:29","slug":"vanilla-sex-tom-ford-ilmolia","status":"publish","type":"product","link":"https:\/\/ilmoliulampar.is\/en_gb\/product\/vanilla-sex-tom-ford-ilmolia\/","title":{"rendered":"VANILLA SEX &#8211; TOM FORD"},"content":{"rendered":"","protected":false},"excerpt":{"rendered":"<p>Vanilla sex er bara n\u00e1kv\u00e6mlega eins og ilmvatni\u00f0 &lt;3<br \/>\nIlmol\u00eda, 10 ml glas.<\/p>\n<p><b>Top Notes: <\/b>Bitter Almond<br \/>\n<strong>Middle Notes: <\/strong>Vanilla, Floral Notes<br \/>\n<strong>Base Notes: <\/strong>Vanilla Absolute, Ultravanil\u2122, Tonka Bean, Sandalwood<\/p>\n<p>(Ath um er a\u00f0 r\u00e6\u00f0a ilmol\u00edu, myndin er notu\u00f0 til \u00feess a\u00f0 l\u00fdsa ilminum sem \u00e1tt er vi\u00f0)<\/p>","protected":false},"featured_media":66228,"comment_status":"closed","ping_status":"closed","template":"","meta":[],"product_brand":[],"product_cat":[195,209,108],"product_tag":[],"class_list":{"0":"post-66226","1":"product","2":"type-product","3":"status-publish","4":"has-post-thumbnail","6":"product_cat-ilmoliur-oliur","7":"product_cat-nyjar-oliur-oliur","8":"product_cat-oliur","10":"first","11":"instock","12":"shipping-taxable","13":"purchasable","14":"product-type-simple"},"_links":{"self":[{"href":"https:\/\/ilmoliulampar.is\/en_gb\/wp-json\/wp\/v2\/product\/66226","targetHints":{"allow":["GET"]}}],"collection":[{"href":"https:\/\/ilmoliulampar.is\/en_gb\/wp-json\/wp\/v2\/product"}],"about":[{"href":"https:\/\/ilmoliulampar.is\/en_gb\/wp-json\/wp\/v2\/types\/product"}],"replies":[{"embeddable":true,"href":"https:\/\/ilmoliulampar.is\/en_gb\/wp-json\/wp\/v2\/comments?post=66226"}],"wp:featuredmedia":[{"embeddable":true,"href":"https:\/\/ilmoliulampar.is\/en_gb\/wp-json\/wp\/v2\/media\/66228"}],"wp:attachment":[{"href":"https:\/\/ilmoliulampar.is\/en_gb\/wp-json\/wp\/v2\/media?parent=66226"}],"wp:term":[{"taxonomy":"product_brand","embeddable":true,"href":"https:\/\/ilmoliulampar.is\/en_gb\/wp-json\/wp\/v2\/product_brand?post=66226"},{"taxonomy":"product_cat","embeddable":true,"href":"https:\/\/ilmoliulampar.is\/en_gb\/wp-json\/wp\/v2\/product_cat?post=66226"},{"taxonomy":"product_tag","embeddable":true,"href":"https:\/\/ilmoliulampar.is\/en_gb\/wp-json\/wp\/v2\/product_tag?post=66226"}],"curies":[{"name":"wp","href":"https:\/\/api.w.org\/{rel}","templated":true}]}}