{"id":66231,"date":"2025-11-04T11:46:48","date_gmt":"2025-11-04T11:46:48","guid":{"rendered":"https:\/\/ilmoliulampar.is\/?post_type=product&#038;p=66231"},"modified":"2026-01-27T17:12:56","modified_gmt":"2026-01-27T17:12:56","slug":"sol-de-janerio-cheirosa-48-ilmolia","status":"publish","type":"product","link":"https:\/\/ilmoliulampar.is\/en_gb\/product\/sol-de-janerio-cheirosa-48-ilmolia\/","title":{"rendered":"CHEIROSA 48 &#8211; SOL DE JANEIRO"},"content":{"rendered":"","protected":false},"excerpt":{"rendered":"<p>Cheirosa 48 &#8211; Sold De Janeiro ilmol\u00edan er n\u00e1kv\u00e6mlega eins og spreyi\u00f0 sj\u00e1lft &lt;3<br \/>\nIlmol\u00eda, 10 ml<\/p>\n<p><strong>Top Notes: <\/strong>Guava Nectar, Coconut Water\u200b<strong><br \/>\nMiddle Notes: <\/strong>Sunlit Orchid, Lemon Twist, Wild Orris\u200b<strong><br \/>\nBase Notes: <\/strong>Pink Musk, Vanilla Cloud<\/p>\n<p>(Ath um er a\u00f0 r\u00e6\u00f0a ilmol\u00edu, myndin er notu\u00f0 til \u00feess a\u00f0 l\u00fdsa ilminum sem \u00e1tt er vi\u00f0)<\/p>","protected":false},"featured_media":66232,"comment_status":"closed","ping_status":"closed","template":"","meta":[],"product_brand":[],"product_cat":[195,209,108],"product_tag":[],"class_list":{"0":"post-66231","1":"product","2":"type-product","3":"status-publish","4":"has-post-thumbnail","6":"product_cat-ilmoliur-oliur","7":"product_cat-nyjar-oliur-oliur","8":"product_cat-oliur","10":"first","11":"instock","12":"shipping-taxable","13":"purchasable","14":"product-type-simple"},"_links":{"self":[{"href":"https:\/\/ilmoliulampar.is\/en_gb\/wp-json\/wp\/v2\/product\/66231","targetHints":{"allow":["GET"]}}],"collection":[{"href":"https:\/\/ilmoliulampar.is\/en_gb\/wp-json\/wp\/v2\/product"}],"about":[{"href":"https:\/\/ilmoliulampar.is\/en_gb\/wp-json\/wp\/v2\/types\/product"}],"replies":[{"embeddable":true,"href":"https:\/\/ilmoliulampar.is\/en_gb\/wp-json\/wp\/v2\/comments?post=66231"}],"wp:featuredmedia":[{"embeddable":true,"href":"https:\/\/ilmoliulampar.is\/en_gb\/wp-json\/wp\/v2\/media\/66232"}],"wp:attachment":[{"href":"https:\/\/ilmoliulampar.is\/en_gb\/wp-json\/wp\/v2\/media?parent=66231"}],"wp:term":[{"taxonomy":"product_brand","embeddable":true,"href":"https:\/\/ilmoliulampar.is\/en_gb\/wp-json\/wp\/v2\/product_brand?post=66231"},{"taxonomy":"product_cat","embeddable":true,"href":"https:\/\/ilmoliulampar.is\/en_gb\/wp-json\/wp\/v2\/product_cat?post=66231"},{"taxonomy":"product_tag","embeddable":true,"href":"https:\/\/ilmoliulampar.is\/en_gb\/wp-json\/wp\/v2\/product_tag?post=66231"}],"curies":[{"name":"wp","href":"https:\/\/api.w.org\/{rel}","templated":true}]}}