{"id":66234,"date":"2025-11-04T11:49:22","date_gmt":"2025-11-04T11:49:22","guid":{"rendered":"https:\/\/ilmoliulampar.is\/?post_type=product&#038;p=66234"},"modified":"2026-01-27T13:26:30","modified_gmt":"2026-01-27T13:26:30","slug":"sun-fruit-ellis-brooklyn-ilmolia","status":"publish","type":"product","link":"https:\/\/ilmoliulampar.is\/en_gb\/product\/sun-fruit-ellis-brooklyn-ilmolia\/","title":{"rendered":"SUN FRUIT &#8211; ELLIS BROOKLYN"},"content":{"rendered":"","protected":false},"excerpt":{"rendered":"<p>\u00deessi er n\u00e1kv\u00e6mlega eins og ilmvatni\u00f0 &lt;3<\/p>\n<div>Top: Bergamot, Plum Leaves, Fresh Fig, Pear<\/div>\n<div>Mid: Handpicked Jasmine, Cyclamen, Orris, Orange Blossom<\/div>\n<div class=\"mb-4\">Dry: Amber, Vanilla Planifolia, Musks, Coconut<br \/>\n10 ml glas<\/div>\n<div><\/div>\n<div>(Ath um er a\u00f0 r\u00e6\u00f0a ilmol\u00edu, myndin er notu\u00f0 til \u00feess a\u00f0 l\u00fdsa ilminum sem \u00e1tt er vi\u00f0)<\/div>","protected":false},"featured_media":66235,"comment_status":"closed","ping_status":"closed","template":"","meta":[],"product_brand":[],"product_cat":[195,209,108],"product_tag":[],"class_list":{"0":"post-66234","1":"product","2":"type-product","3":"status-publish","4":"has-post-thumbnail","6":"product_cat-ilmoliur-oliur","7":"product_cat-nyjar-oliur-oliur","8":"product_cat-oliur","10":"first","11":"instock","12":"shipping-taxable","13":"purchasable","14":"product-type-simple"},"_links":{"self":[{"href":"https:\/\/ilmoliulampar.is\/en_gb\/wp-json\/wp\/v2\/product\/66234","targetHints":{"allow":["GET"]}}],"collection":[{"href":"https:\/\/ilmoliulampar.is\/en_gb\/wp-json\/wp\/v2\/product"}],"about":[{"href":"https:\/\/ilmoliulampar.is\/en_gb\/wp-json\/wp\/v2\/types\/product"}],"replies":[{"embeddable":true,"href":"https:\/\/ilmoliulampar.is\/en_gb\/wp-json\/wp\/v2\/comments?post=66234"}],"wp:featuredmedia":[{"embeddable":true,"href":"https:\/\/ilmoliulampar.is\/en_gb\/wp-json\/wp\/v2\/media\/66235"}],"wp:attachment":[{"href":"https:\/\/ilmoliulampar.is\/en_gb\/wp-json\/wp\/v2\/media?parent=66234"}],"wp:term":[{"taxonomy":"product_brand","embeddable":true,"href":"https:\/\/ilmoliulampar.is\/en_gb\/wp-json\/wp\/v2\/product_brand?post=66234"},{"taxonomy":"product_cat","embeddable":true,"href":"https:\/\/ilmoliulampar.is\/en_gb\/wp-json\/wp\/v2\/product_cat?post=66234"},{"taxonomy":"product_tag","embeddable":true,"href":"https:\/\/ilmoliulampar.is\/en_gb\/wp-json\/wp\/v2\/product_tag?post=66234"}],"curies":[{"name":"wp","href":"https:\/\/api.w.org\/{rel}","templated":true}]}}