{"id":66254,"date":"2025-11-05T13:48:06","date_gmt":"2025-11-05T13:48:06","guid":{"rendered":"https:\/\/ilmoliulampar.is\/?post_type=product&#038;p=66254"},"modified":"2025-11-07T11:16:08","modified_gmt":"2025-11-07T11:16:08","slug":"ariana-grande-ilmoliur-i-gjafaoskju-4-stk","status":"publish","type":"product","link":"https:\/\/ilmoliulampar.is\/en_gb\/product\/ariana-grande-ilmoliur-i-gjafaoskju-4-stk\/","title":{"rendered":"Ariana Grande ilmol\u00edur \u00ed gjafa\u00f6skju &#8211; 4 stk"},"content":{"rendered":"","protected":false},"excerpt":{"rendered":"<p>Ariana Grande gjafaaskjan inniheldur 4 ilmol\u00edur:<br \/>\nMoonlight<br \/>\nAri<br \/>\nSweet Like Candy<br \/>\nCloud<\/p>","protected":false},"featured_media":66255,"comment_status":"closed","ping_status":"closed","template":"","meta":[],"product_brand":[],"product_cat":[109,195,198,108],"product_tag":[],"class_list":{"0":"post-66254","1":"product","2":"type-product","3":"status-publish","4":"has-post-thumbnail","6":"product_cat-ilmoliur","7":"product_cat-ilmoliur-oliur","8":"product_cat-ilmoliutilbod-oliur","9":"product_cat-oliur","11":"first","12":"instock","13":"shipping-taxable","14":"purchasable","15":"product-type-simple"},"_links":{"self":[{"href":"https:\/\/ilmoliulampar.is\/en_gb\/wp-json\/wp\/v2\/product\/66254","targetHints":{"allow":["GET"]}}],"collection":[{"href":"https:\/\/ilmoliulampar.is\/en_gb\/wp-json\/wp\/v2\/product"}],"about":[{"href":"https:\/\/ilmoliulampar.is\/en_gb\/wp-json\/wp\/v2\/types\/product"}],"replies":[{"embeddable":true,"href":"https:\/\/ilmoliulampar.is\/en_gb\/wp-json\/wp\/v2\/comments?post=66254"}],"wp:featuredmedia":[{"embeddable":true,"href":"https:\/\/ilmoliulampar.is\/en_gb\/wp-json\/wp\/v2\/media\/66255"}],"wp:attachment":[{"href":"https:\/\/ilmoliulampar.is\/en_gb\/wp-json\/wp\/v2\/media?parent=66254"}],"wp:term":[{"taxonomy":"product_brand","embeddable":true,"href":"https:\/\/ilmoliulampar.is\/en_gb\/wp-json\/wp\/v2\/product_brand?post=66254"},{"taxonomy":"product_cat","embeddable":true,"href":"https:\/\/ilmoliulampar.is\/en_gb\/wp-json\/wp\/v2\/product_cat?post=66254"},{"taxonomy":"product_tag","embeddable":true,"href":"https:\/\/ilmoliulampar.is\/en_gb\/wp-json\/wp\/v2\/product_tag?post=66254"}],"curies":[{"name":"wp","href":"https:\/\/api.w.org\/{rel}","templated":true}]}}