{"id":66258,"date":"2025-11-05T13:51:41","date_gmt":"2025-11-05T13:51:41","guid":{"rendered":"https:\/\/ilmoliulampar.is\/?post_type=product&#038;p=66258"},"modified":"2025-11-07T11:16:00","modified_gmt":"2025-11-07T11:16:00","slug":"herra-ilmoliur-i-gjafaoskju-4-stk","status":"publish","type":"product","link":"https:\/\/ilmoliulampar.is\/en_gb\/product\/herra-ilmoliur-i-gjafaoskju-4-stk\/","title":{"rendered":"Herra ilmol\u00edur \u00ed gjafa\u00f6skju &#8211; 4 stk"},"content":{"rendered":"","protected":false},"excerpt":{"rendered":"<p>Herra gjafaaskjan inniheldur 4 herra ilmol\u00edur:<br \/>\nGucci Guilty<br \/>\nMillionaire<br \/>\nAbercrombie &amp; Fitch Fierce<br \/>\nBeckham Signature<\/p>","protected":false},"featured_media":66256,"comment_status":"closed","ping_status":"closed","template":"","meta":[],"product_brand":[],"product_cat":[195,198,108],"product_tag":[],"class_list":{"0":"post-66258","1":"product","2":"type-product","3":"status-publish","4":"has-post-thumbnail","6":"product_cat-ilmoliur-oliur","7":"product_cat-ilmoliutilbod-oliur","8":"product_cat-oliur","10":"first","11":"instock","12":"shipping-taxable","13":"purchasable","14":"product-type-simple"},"_links":{"self":[{"href":"https:\/\/ilmoliulampar.is\/en_gb\/wp-json\/wp\/v2\/product\/66258","targetHints":{"allow":["GET"]}}],"collection":[{"href":"https:\/\/ilmoliulampar.is\/en_gb\/wp-json\/wp\/v2\/product"}],"about":[{"href":"https:\/\/ilmoliulampar.is\/en_gb\/wp-json\/wp\/v2\/types\/product"}],"replies":[{"embeddable":true,"href":"https:\/\/ilmoliulampar.is\/en_gb\/wp-json\/wp\/v2\/comments?post=66258"}],"wp:featuredmedia":[{"embeddable":true,"href":"https:\/\/ilmoliulampar.is\/en_gb\/wp-json\/wp\/v2\/media\/66256"}],"wp:attachment":[{"href":"https:\/\/ilmoliulampar.is\/en_gb\/wp-json\/wp\/v2\/media?parent=66258"}],"wp:term":[{"taxonomy":"product_brand","embeddable":true,"href":"https:\/\/ilmoliulampar.is\/en_gb\/wp-json\/wp\/v2\/product_brand?post=66258"},{"taxonomy":"product_cat","embeddable":true,"href":"https:\/\/ilmoliulampar.is\/en_gb\/wp-json\/wp\/v2\/product_cat?post=66258"},{"taxonomy":"product_tag","embeddable":true,"href":"https:\/\/ilmoliulampar.is\/en_gb\/wp-json\/wp\/v2\/product_tag?post=66258"}],"curies":[{"name":"wp","href":"https:\/\/api.w.org\/{rel}","templated":true}]}}