{"id":66399,"date":"2025-11-11T12:31:55","date_gmt":"2025-11-11T12:31:55","guid":{"rendered":"https:\/\/ilmoliulampar.is\/?post_type=product&#038;p=66399"},"modified":"2025-11-14T10:26:23","modified_gmt":"2025-11-14T10:26:23","slug":"led-table-lamp-hiding-rabbit-2-litir","status":"publish","type":"product","link":"https:\/\/ilmoliulampar.is\/en_gb\/product\/led-table-lamp-hiding-rabbit-2-litir\/","title":{"rendered":"Kan\u00edna \u00ed felum, \u00fer\u00e1\u00f0laus LED bor\u00f0lampi &#8211; 2 litir"},"content":{"rendered":"","protected":false},"excerpt":{"rendered":"<div class=\"row name2\">\n<div>Mj\u00f6g vanda\u00f0ir og \u00feungir lampar &#8230;&#8230;<\/div>\n<div class=\"value\">Kan\u00edna \u00ed felum &#8211; \u00fer\u00e1\u00f0laus LED bor\u00f0lampi.<\/div>\n<div class=\"value\">Kemur \u00ed tveimur litum: hv\u00edtu og matt sv\u00f6rtu.<br \/>\nHann er dimmanlegur og me\u00f0 breytilegri birtu, warm, warm white og white.<br \/>\n\u00dar polyresin og hle\u00f0slan er USB-C, einnig fylgir me\u00f0 USB hle\u00f0slust\u00f6\u00f0.<br \/>\nB\u00e6\u00f0i h\u00e6gt a\u00f0 nota inni og \u00fati.<\/div>\n<div><\/div>\n<\/div>\n<div class=\"row breite\">\n<div class=\"label\">Breidd: 11 cm<\/div>\n<\/div>\n<div class=\"row hoehe\">\n<div class=\"label\">H\u00e6\u00f0: 28 cm<\/div>\n<\/div>\n<div class=\"row material\"><\/div>\n<div class=\"row verwendung\">\n<div class=\"value\"><\/div>\n<\/div>","protected":false},"featured_media":66408,"comment_status":"closed","ping_status":"closed","template":"","meta":[],"product_brand":[],"product_cat":[184,132,107],"product_tag":[],"class_list":{"0":"post-66399","1":"product","2":"type-product","3":"status-publish","4":"has-post-thumbnail","6":"product_cat-bordlampar","7":"product_cat-heimilid-2","8":"product_cat-lampar","10":"first","11":"instock","12":"shipping-taxable","13":"purchasable","14":"product-type-variable"},"_links":{"self":[{"href":"https:\/\/ilmoliulampar.is\/en_gb\/wp-json\/wp\/v2\/product\/66399","targetHints":{"allow":["GET"]}}],"collection":[{"href":"https:\/\/ilmoliulampar.is\/en_gb\/wp-json\/wp\/v2\/product"}],"about":[{"href":"https:\/\/ilmoliulampar.is\/en_gb\/wp-json\/wp\/v2\/types\/product"}],"replies":[{"embeddable":true,"href":"https:\/\/ilmoliulampar.is\/en_gb\/wp-json\/wp\/v2\/comments?post=66399"}],"wp:featuredmedia":[{"embeddable":true,"href":"https:\/\/ilmoliulampar.is\/en_gb\/wp-json\/wp\/v2\/media\/66408"}],"wp:attachment":[{"href":"https:\/\/ilmoliulampar.is\/en_gb\/wp-json\/wp\/v2\/media?parent=66399"}],"wp:term":[{"taxonomy":"product_brand","embeddable":true,"href":"https:\/\/ilmoliulampar.is\/en_gb\/wp-json\/wp\/v2\/product_brand?post=66399"},{"taxonomy":"product_cat","embeddable":true,"href":"https:\/\/ilmoliulampar.is\/en_gb\/wp-json\/wp\/v2\/product_cat?post=66399"},{"taxonomy":"product_tag","embeddable":true,"href":"https:\/\/ilmoliulampar.is\/en_gb\/wp-json\/wp\/v2\/product_tag?post=66399"}],"curies":[{"name":"wp","href":"https:\/\/api.w.org\/{rel}","templated":true}]}}