{"id":66550,"date":"2025-11-25T17:08:35","date_gmt":"2025-11-25T17:08:35","guid":{"rendered":"https:\/\/ilmoliulampar.is\/?post_type=product&#038;p=66550"},"modified":"2025-12-06T13:27:12","modified_gmt":"2025-12-06T13:27:12","slug":"sol-de-janeiro-76-after-hours-ilmolia","status":"publish","type":"product","link":"https:\/\/ilmoliulampar.is\/en_gb\/product\/sol-de-janeiro-76-after-hours-ilmolia\/","title":{"rendered":"CHEIROSA 76 &#8211; SOL DE JANEIRO"},"content":{"rendered":"","protected":false},"excerpt":{"rendered":"<p>Cheirosa 76, After Hour &#8211; Sold De Janeiro ilmol\u00edan er n\u00e1kv\u00e6mlega eins og spreyi\u00f0 sj\u00e1lft !<br \/>\nIlmol\u00eda, 10 ml<\/p>\n<p><strong>Top Notes<br \/>\nTop:\u00a0<\/strong>Black Currant, Pear Nectar\u200b<strong><br \/>\nMiddle: <\/strong>Midnight Jasmine, Vanilla Cr\u00e8me, Lush Freesia\u200b<strong><br \/>\nBase: <\/strong>Amber Woods, Caramelized Patchouli<strong><br \/>\n<\/strong><\/p>\n<p><em>(ATH \u00a0\u2013 Um er a\u00f0 r\u00e6\u00f0a ilmol\u00edu, myndin er a\u00f0eins notu\u00f0 til \u00feess a\u00f0 l\u00fdsa ilminum sem \u00e1tt er vi\u00f0)<\/em><\/p>","protected":false},"featured_media":66551,"comment_status":"closed","ping_status":"closed","template":"","meta":[],"product_brand":[],"product_cat":[109,195,209,108],"product_tag":[],"class_list":{"0":"post-66550","1":"product","2":"type-product","3":"status-publish","4":"has-post-thumbnail","6":"product_cat-ilmoliur","7":"product_cat-ilmoliur-oliur","8":"product_cat-nyjar-oliur-oliur","9":"product_cat-oliur","11":"first","12":"instock","13":"shipping-taxable","14":"purchasable","15":"product-type-simple"},"_links":{"self":[{"href":"https:\/\/ilmoliulampar.is\/en_gb\/wp-json\/wp\/v2\/product\/66550","targetHints":{"allow":["GET"]}}],"collection":[{"href":"https:\/\/ilmoliulampar.is\/en_gb\/wp-json\/wp\/v2\/product"}],"about":[{"href":"https:\/\/ilmoliulampar.is\/en_gb\/wp-json\/wp\/v2\/types\/product"}],"replies":[{"embeddable":true,"href":"https:\/\/ilmoliulampar.is\/en_gb\/wp-json\/wp\/v2\/comments?post=66550"}],"wp:featuredmedia":[{"embeddable":true,"href":"https:\/\/ilmoliulampar.is\/en_gb\/wp-json\/wp\/v2\/media\/66551"}],"wp:attachment":[{"href":"https:\/\/ilmoliulampar.is\/en_gb\/wp-json\/wp\/v2\/media?parent=66550"}],"wp:term":[{"taxonomy":"product_brand","embeddable":true,"href":"https:\/\/ilmoliulampar.is\/en_gb\/wp-json\/wp\/v2\/product_brand?post=66550"},{"taxonomy":"product_cat","embeddable":true,"href":"https:\/\/ilmoliulampar.is\/en_gb\/wp-json\/wp\/v2\/product_cat?post=66550"},{"taxonomy":"product_tag","embeddable":true,"href":"https:\/\/ilmoliulampar.is\/en_gb\/wp-json\/wp\/v2\/product_tag?post=66550"}],"curies":[{"name":"wp","href":"https:\/\/api.w.org\/{rel}","templated":true}]}}