{"id":66552,"date":"2025-11-25T17:11:09","date_gmt":"2025-11-25T17:11:09","guid":{"rendered":"https:\/\/ilmoliulampar.is\/?post_type=product&#038;p=66552"},"modified":"2025-12-06T12:55:52","modified_gmt":"2025-12-06T12:55:52","slug":"sol-de-janeiro-bom-dia-bright-40-ilmolia","status":"publish","type":"product","link":"https:\/\/ilmoliulampar.is\/en_gb\/product\/sol-de-janeiro-bom-dia-bright-40-ilmolia\/","title":{"rendered":"CHEIROSA 40 &#8211; SOL DE JANEIRO"},"content":{"rendered":"","protected":false},"excerpt":{"rendered":"<p>Cheirosa 40, Bom Dia Bright &#8211; Sol De Janeiro ilmol\u00edan er alveg eins og spreyi\u00f0 &lt;3<br \/>\nIlmol\u00eda, 10 ml<\/p>\n<p><strong>Key Notes<\/strong><br \/>\n<strong>Top:<\/strong>\u00a0Black Amber Plum, Cr\u00e8me de Cassis<br \/>\n<strong>Middle:<\/strong>\u00a0Jasmine Blooms, Brazilian Orchid<br \/>\n<strong>Base:<\/strong>\u00a0Vanilla Woods, Warm Musk<\/p>\n<p><em>(ATH \u00a0\u2013 Um er a\u00f0 r\u00e6\u00f0a ilmol\u00edu, myndin er a\u00f0eins notu\u00f0 til \u00feess a\u00f0 l\u00fdsa ilminum sem \u00e1tt er vi\u00f0)<\/em><\/p>","protected":false},"featured_media":66553,"comment_status":"closed","ping_status":"closed","template":"","meta":[],"product_brand":[],"product_cat":[109,195,141,209,108],"product_tag":[],"class_list":{"0":"post-66552","1":"product","2":"type-product","3":"status-publish","4":"has-post-thumbnail","6":"product_cat-ilmoliur","7":"product_cat-ilmoliur-oliur","8":"product_cat-nyjar-oliur","9":"product_cat-nyjar-oliur-oliur","10":"product_cat-oliur","12":"first","13":"instock","14":"shipping-taxable","15":"purchasable","16":"product-type-simple"},"_links":{"self":[{"href":"https:\/\/ilmoliulampar.is\/en_gb\/wp-json\/wp\/v2\/product\/66552","targetHints":{"allow":["GET"]}}],"collection":[{"href":"https:\/\/ilmoliulampar.is\/en_gb\/wp-json\/wp\/v2\/product"}],"about":[{"href":"https:\/\/ilmoliulampar.is\/en_gb\/wp-json\/wp\/v2\/types\/product"}],"replies":[{"embeddable":true,"href":"https:\/\/ilmoliulampar.is\/en_gb\/wp-json\/wp\/v2\/comments?post=66552"}],"wp:featuredmedia":[{"embeddable":true,"href":"https:\/\/ilmoliulampar.is\/en_gb\/wp-json\/wp\/v2\/media\/66553"}],"wp:attachment":[{"href":"https:\/\/ilmoliulampar.is\/en_gb\/wp-json\/wp\/v2\/media?parent=66552"}],"wp:term":[{"taxonomy":"product_brand","embeddable":true,"href":"https:\/\/ilmoliulampar.is\/en_gb\/wp-json\/wp\/v2\/product_brand?post=66552"},{"taxonomy":"product_cat","embeddable":true,"href":"https:\/\/ilmoliulampar.is\/en_gb\/wp-json\/wp\/v2\/product_cat?post=66552"},{"taxonomy":"product_tag","embeddable":true,"href":"https:\/\/ilmoliulampar.is\/en_gb\/wp-json\/wp\/v2\/product_tag?post=66552"}],"curies":[{"name":"wp","href":"https:\/\/api.w.org\/{rel}","templated":true}]}}