{"id":66554,"date":"2025-11-25T17:13:36","date_gmt":"2025-11-25T17:13:36","guid":{"rendered":"https:\/\/ilmoliulampar.is\/?post_type=product&#038;p=66554"},"modified":"2026-01-23T14:04:28","modified_gmt":"2026-01-23T14:04:28","slug":"fcking-fabulous-tom-ford-ilmolia","status":"publish","type":"product","link":"https:\/\/ilmoliulampar.is\/en_gb\/product\/fcking-fabulous-tom-ford-ilmolia\/","title":{"rendered":"F*CKING FABULOUS &#8211; TOM FORD"},"content":{"rendered":"","protected":false},"excerpt":{"rendered":"<p>F*cking Fabulous ilmol\u00edan lyktar n\u00e1kv\u00e6mlega eins og ilmvatni\u00f0 sj\u00e1lft fr\u00e1 Tom Ford.<br \/>\n10 ml glas.<\/p>\n<p><strong>Key Notes<br \/>\n<\/strong><strong>Top:<\/strong> Lavender and Clary Sage<br \/>\n<strong>Middle:<\/strong> Leather, Bitter Almond, Vanilla and Orris<br \/>\n<strong>Base:<\/strong> Leather, Tonka Bean, Cashmeran, White Woods and Amber.<\/p>\n<div class=\"fragrantica-blockquote\"><\/div>\n<p><em>(ATH \u00a0\u2013 Um er a\u00f0 r\u00e6\u00f0a ilmol\u00edu, myndin er a\u00f0eins notu\u00f0 til \u00feess a\u00f0 l\u00fdsa ilminum sem \u00e1tt er vi\u00f0)<\/em><\/p>","protected":false},"featured_media":66556,"comment_status":"closed","ping_status":"closed","template":"","meta":[],"product_brand":[],"product_cat":[109,195,141,209],"product_tag":[],"class_list":{"0":"post-66554","1":"product","2":"type-product","3":"status-publish","4":"has-post-thumbnail","6":"product_cat-ilmoliur","7":"product_cat-ilmoliur-oliur","8":"product_cat-nyjar-oliur","9":"product_cat-nyjar-oliur-oliur","11":"first","12":"instock","13":"shipping-taxable","14":"purchasable","15":"product-type-simple"},"_links":{"self":[{"href":"https:\/\/ilmoliulampar.is\/en_gb\/wp-json\/wp\/v2\/product\/66554","targetHints":{"allow":["GET"]}}],"collection":[{"href":"https:\/\/ilmoliulampar.is\/en_gb\/wp-json\/wp\/v2\/product"}],"about":[{"href":"https:\/\/ilmoliulampar.is\/en_gb\/wp-json\/wp\/v2\/types\/product"}],"replies":[{"embeddable":true,"href":"https:\/\/ilmoliulampar.is\/en_gb\/wp-json\/wp\/v2\/comments?post=66554"}],"wp:featuredmedia":[{"embeddable":true,"href":"https:\/\/ilmoliulampar.is\/en_gb\/wp-json\/wp\/v2\/media\/66556"}],"wp:attachment":[{"href":"https:\/\/ilmoliulampar.is\/en_gb\/wp-json\/wp\/v2\/media?parent=66554"}],"wp:term":[{"taxonomy":"product_brand","embeddable":true,"href":"https:\/\/ilmoliulampar.is\/en_gb\/wp-json\/wp\/v2\/product_brand?post=66554"},{"taxonomy":"product_cat","embeddable":true,"href":"https:\/\/ilmoliulampar.is\/en_gb\/wp-json\/wp\/v2\/product_cat?post=66554"},{"taxonomy":"product_tag","embeddable":true,"href":"https:\/\/ilmoliulampar.is\/en_gb\/wp-json\/wp\/v2\/product_tag?post=66554"}],"curies":[{"name":"wp","href":"https:\/\/api.w.org\/{rel}","templated":true}]}}