{"id":66565,"date":"2025-11-26T14:09:58","date_gmt":"2025-11-26T14:09:58","guid":{"rendered":"https:\/\/ilmoliulampar.is\/?post_type=product&#038;p=66565"},"modified":"2026-02-12T15:10:19","modified_gmt":"2026-02-12T15:10:19","slug":"areon-ilmkerti-og-ilmstangir-150ml-apple-cinnamon","status":"publish","type":"product","link":"https:\/\/ilmoliulampar.is\/en_gb\/product\/areon-ilmkerti-og-ilmstangir-150ml-apple-cinnamon\/","title":{"rendered":"Ilmkerti &#038; ilmstangir &#8211; Apple &#038; Cinnamon"},"content":{"rendered":"","protected":false},"excerpt":{"rendered":"<p>Ilmstangir og ilmkerti sem ilma einstaklega vel og endast lengi.<br \/>\nG\u00f3\u00f0ur ilmur gerir andr\u00famslofti\u00f0 notalegra inn\u00e1 hva\u00f0a r\u00fdmi sem er.<\/p>\n<p>Ilmstangir 150ml og ilmkerti 120gr<\/p>\n<p>Kemur \u00ed fallegum gjafakassa.<\/p>","protected":false},"featured_media":66566,"comment_status":"closed","ping_status":"closed","template":"","meta":[],"product_brand":[],"product_cat":[124,123,200,180,125],"product_tag":[],"class_list":{"0":"post-66565","1":"product","2":"type-product","3":"status-publish","4":"has-post-thumbnail","6":"product_cat-ilmkerti","7":"product_cat-ilmstangir","8":"product_cat-ilmstangir-oliur","9":"product_cat-ilmvorur","10":"product_cat-llmkerti-sprey","12":"first","13":"outofstock","14":"shipping-taxable","15":"purchasable","16":"product-type-simple"},"_links":{"self":[{"href":"https:\/\/ilmoliulampar.is\/en_gb\/wp-json\/wp\/v2\/product\/66565","targetHints":{"allow":["GET"]}}],"collection":[{"href":"https:\/\/ilmoliulampar.is\/en_gb\/wp-json\/wp\/v2\/product"}],"about":[{"href":"https:\/\/ilmoliulampar.is\/en_gb\/wp-json\/wp\/v2\/types\/product"}],"replies":[{"embeddable":true,"href":"https:\/\/ilmoliulampar.is\/en_gb\/wp-json\/wp\/v2\/comments?post=66565"}],"wp:featuredmedia":[{"embeddable":true,"href":"https:\/\/ilmoliulampar.is\/en_gb\/wp-json\/wp\/v2\/media\/66566"}],"wp:attachment":[{"href":"https:\/\/ilmoliulampar.is\/en_gb\/wp-json\/wp\/v2\/media?parent=66565"}],"wp:term":[{"taxonomy":"product_brand","embeddable":true,"href":"https:\/\/ilmoliulampar.is\/en_gb\/wp-json\/wp\/v2\/product_brand?post=66565"},{"taxonomy":"product_cat","embeddable":true,"href":"https:\/\/ilmoliulampar.is\/en_gb\/wp-json\/wp\/v2\/product_cat?post=66565"},{"taxonomy":"product_tag","embeddable":true,"href":"https:\/\/ilmoliulampar.is\/en_gb\/wp-json\/wp\/v2\/product_tag?post=66565"}],"curies":[{"name":"wp","href":"https:\/\/api.w.org\/{rel}","templated":true}]}}