{"id":66579,"date":"2025-11-27T13:39:54","date_gmt":"2025-11-27T13:39:54","guid":{"rendered":"https:\/\/ilmoliulampar.is\/?post_type=product&#038;p=66579"},"modified":"2026-01-29T16:54:19","modified_gmt":"2026-01-29T16:54:19","slug":"glasabakkar-sparkling-4-typur","status":"publish","type":"product","link":"https:\/\/ilmoliulampar.is\/en_gb\/product\/glasabakkar-sparkling-4-typur\/","title":{"rendered":"Glasamottur &#8211; Sparkling &#8211; 4 T\u00fdpur"},"content":{"rendered":"","protected":false},"excerpt":{"rendered":"<p>Skemmtilegar glasamottur me\u00f0 standi. \u00de\u00e6r koma \u00ed 4 t\u00fdpum og 4 stk \u00ed hverjum pakka.<\/p>\n<p>11 cm \u00feverm\u00e1l<\/p>","protected":false},"featured_media":66580,"comment_status":"closed","ping_status":"closed","template":"","meta":[],"product_brand":[],"product_cat":[248,132,230],"product_tag":[],"class_list":{"0":"post-66579","1":"product","2":"type-product","3":"status-publish","4":"has-post-thumbnail","6":"product_cat-bakkarogglasamottur","7":"product_cat-heimilid-2","8":"product_cat-laekkadverd","10":"first","11":"instock","12":"sale","13":"shipping-taxable","14":"purchasable","15":"product-type-variable"},"_links":{"self":[{"href":"https:\/\/ilmoliulampar.is\/en_gb\/wp-json\/wp\/v2\/product\/66579","targetHints":{"allow":["GET"]}}],"collection":[{"href":"https:\/\/ilmoliulampar.is\/en_gb\/wp-json\/wp\/v2\/product"}],"about":[{"href":"https:\/\/ilmoliulampar.is\/en_gb\/wp-json\/wp\/v2\/types\/product"}],"replies":[{"embeddable":true,"href":"https:\/\/ilmoliulampar.is\/en_gb\/wp-json\/wp\/v2\/comments?post=66579"}],"wp:featuredmedia":[{"embeddable":true,"href":"https:\/\/ilmoliulampar.is\/en_gb\/wp-json\/wp\/v2\/media\/66580"}],"wp:attachment":[{"href":"https:\/\/ilmoliulampar.is\/en_gb\/wp-json\/wp\/v2\/media?parent=66579"}],"wp:term":[{"taxonomy":"product_brand","embeddable":true,"href":"https:\/\/ilmoliulampar.is\/en_gb\/wp-json\/wp\/v2\/product_brand?post=66579"},{"taxonomy":"product_cat","embeddable":true,"href":"https:\/\/ilmoliulampar.is\/en_gb\/wp-json\/wp\/v2\/product_cat?post=66579"},{"taxonomy":"product_tag","embeddable":true,"href":"https:\/\/ilmoliulampar.is\/en_gb\/wp-json\/wp\/v2\/product_tag?post=66579"}],"curies":[{"name":"wp","href":"https:\/\/api.w.org\/{rel}","templated":true}]}}