{"id":66741,"date":"2025-12-03T17:38:36","date_gmt":"2025-12-03T17:38:36","guid":{"rendered":"https:\/\/ilmoliulampar.is\/?post_type=product&#038;p=66741"},"modified":"2025-12-03T17:38:37","modified_gmt":"2025-12-03T17:38:37","slug":"antik-gull-spegill","status":"publish","type":"product","link":"https:\/\/ilmoliulampar.is\/en_gb\/product\/antik-gull-spegill\/","title":{"rendered":"Ant\u00edk gull spegill"},"content":{"rendered":"","protected":false},"excerpt":{"rendered":"<p>\u00d3tr\u00falega flottur og veglegur ant\u00edk spegill<\/p>\n<table>\n<tbody>\n<tr>\n<td>Width<\/td>\n<td>42.5cm<\/td>\n<\/tr>\n<tr>\n<td>Height<\/td>\n<td>66cm<\/td>\n<\/tr>\n<tr>\n<td>Depth<\/td>\n<td>4.5cm<\/td>\n<\/tr>\n<\/tbody>\n<\/table>","protected":false},"featured_media":66743,"comment_status":"closed","ping_status":"closed","template":"","meta":[],"product_brand":[],"product_cat":[132,249],"product_tag":[],"class_list":{"0":"post-66741","1":"product","2":"type-product","3":"status-publish","4":"has-post-thumbnail","6":"product_cat-heimilid-2","7":"product_cat-speglar","9":"first","10":"instock","11":"shipping-taxable","12":"purchasable","13":"product-type-simple"},"_links":{"self":[{"href":"https:\/\/ilmoliulampar.is\/en_gb\/wp-json\/wp\/v2\/product\/66741","targetHints":{"allow":["GET"]}}],"collection":[{"href":"https:\/\/ilmoliulampar.is\/en_gb\/wp-json\/wp\/v2\/product"}],"about":[{"href":"https:\/\/ilmoliulampar.is\/en_gb\/wp-json\/wp\/v2\/types\/product"}],"replies":[{"embeddable":true,"href":"https:\/\/ilmoliulampar.is\/en_gb\/wp-json\/wp\/v2\/comments?post=66741"}],"wp:featuredmedia":[{"embeddable":true,"href":"https:\/\/ilmoliulampar.is\/en_gb\/wp-json\/wp\/v2\/media\/66743"}],"wp:attachment":[{"href":"https:\/\/ilmoliulampar.is\/en_gb\/wp-json\/wp\/v2\/media?parent=66741"}],"wp:term":[{"taxonomy":"product_brand","embeddable":true,"href":"https:\/\/ilmoliulampar.is\/en_gb\/wp-json\/wp\/v2\/product_brand?post=66741"},{"taxonomy":"product_cat","embeddable":true,"href":"https:\/\/ilmoliulampar.is\/en_gb\/wp-json\/wp\/v2\/product_cat?post=66741"},{"taxonomy":"product_tag","embeddable":true,"href":"https:\/\/ilmoliulampar.is\/en_gb\/wp-json\/wp\/v2\/product_tag?post=66741"}],"curies":[{"name":"wp","href":"https:\/\/api.w.org\/{rel}","templated":true}]}}