{"id":66764,"date":"2025-12-01T14:18:29","date_gmt":"2025-12-01T14:18:29","guid":{"rendered":"https:\/\/ilmoliulampar.is\/?post_type=product&#038;p=66764"},"modified":"2026-01-15T14:02:08","modified_gmt":"2026-01-15T14:02:08","slug":"sea-mist-afylling-i-ilmstangir","status":"publish","type":"product","link":"https:\/\/ilmoliulampar.is\/en_gb\/product\/sea-mist-afylling-i-ilmstangir\/","title":{"rendered":"Sea Mist &#8211; \u00e1fylling \u00ed ilmstangir"},"content":{"rendered":"","protected":false},"excerpt":{"rendered":"<p>\u00c1fylling af Sea Mist fr\u00e1 Made by Zen.<\/p>\n<p>200 ml af einstaklega v\u00f6ndu\u00f0um ilmi sem kemur beint fr\u00e1 \u00cdtal\u00edu.<\/p>\n<p>Sea Mist er mj\u00f6g ferskur og g\u00f3\u00f0ur ilmur af amalfi appels\u00ednubl\u00f3mi, garden\u00edu, liljum, piparmintu &amp; hl\u00fdjum amber &#8211; \u00feessi ilmur er svo hreinn\/ferskur.<\/p>","protected":false},"featured_media":66765,"comment_status":"closed","ping_status":"closed","template":"","meta":[],"product_brand":[],"product_cat":[123,200],"product_tag":[],"class_list":{"0":"post-66764","1":"product","2":"type-product","3":"status-publish","4":"has-post-thumbnail","6":"product_cat-ilmstangir","7":"product_cat-ilmstangir-oliur","9":"first","10":"instock","11":"shipping-taxable","12":"purchasable","13":"product-type-simple"},"_links":{"self":[{"href":"https:\/\/ilmoliulampar.is\/en_gb\/wp-json\/wp\/v2\/product\/66764","targetHints":{"allow":["GET"]}}],"collection":[{"href":"https:\/\/ilmoliulampar.is\/en_gb\/wp-json\/wp\/v2\/product"}],"about":[{"href":"https:\/\/ilmoliulampar.is\/en_gb\/wp-json\/wp\/v2\/types\/product"}],"replies":[{"embeddable":true,"href":"https:\/\/ilmoliulampar.is\/en_gb\/wp-json\/wp\/v2\/comments?post=66764"}],"wp:featuredmedia":[{"embeddable":true,"href":"https:\/\/ilmoliulampar.is\/en_gb\/wp-json\/wp\/v2\/media\/66765"}],"wp:attachment":[{"href":"https:\/\/ilmoliulampar.is\/en_gb\/wp-json\/wp\/v2\/media?parent=66764"}],"wp:term":[{"taxonomy":"product_brand","embeddable":true,"href":"https:\/\/ilmoliulampar.is\/en_gb\/wp-json\/wp\/v2\/product_brand?post=66764"},{"taxonomy":"product_cat","embeddable":true,"href":"https:\/\/ilmoliulampar.is\/en_gb\/wp-json\/wp\/v2\/product_cat?post=66764"},{"taxonomy":"product_tag","embeddable":true,"href":"https:\/\/ilmoliulampar.is\/en_gb\/wp-json\/wp\/v2\/product_tag?post=66764"}],"curies":[{"name":"wp","href":"https:\/\/api.w.org\/{rel}","templated":true}]}}