{"id":66795,"date":"2025-12-06T15:31:49","date_gmt":"2025-12-06T15:31:49","guid":{"rendered":"https:\/\/ilmoliulampar.is\/?post_type=product&#038;p=66795"},"modified":"2026-01-20T13:14:51","modified_gmt":"2026-01-20T13:14:51","slug":"veremundo-essence-of-aura","status":"publish","type":"product","link":"https:\/\/ilmoliulampar.is\/en_gb\/product\/veremundo-essence-of-aura\/","title":{"rendered":"Veremundo &#8211; Essence of Aura"},"content":{"rendered":"","protected":false},"excerpt":{"rendered":"<p>Essence of Aura ilmkerti fr\u00e1 Veremundo Home.<\/p>\n<p>Fragrance Notes:<br \/>\nTop notes: Blackcurrant, Raspberry<br \/>\nMiddle notes: Grape, Gurjum Balm, Sandalwood, Cedar<br \/>\nBottom notes: Amber, Animalic, Musk<\/p>\n<p>Brennslut\u00edmi allt a\u00f0 45 klst.<\/p>\n<p>Til \u00feess a\u00f0 n\u00fdta kerti\u00f0 sem best er mikilv\u00e6gt a\u00f0 \u00feegar fyrst er kveikt \u00e1 kertinu, a\u00f0 leyfa \u00fev\u00ed a\u00f0 brenna \u00fear til a\u00f0 vaxi\u00f0 er br\u00e1\u00f0na\u00f0 \u00fat \u00ed alla kanta.<br \/>\nStytti\u00f0 reglulega \u00e1 kveiknum til \u00feess a\u00f0 koma \u00ed veg fyrir reyk og s\u00f3t, gott er a\u00f0 mi\u00f0a vi\u00f0 ca 6 mm.<\/p>\n<p>91% jurtavax og 9% ilmefni, \u00ed glerkrukku, me\u00f0 b\u00f3mullar\u00fer\u00e6\u00f0i og vi\u00f0arloki.<\/p>\n<p>St\u00e6r\u00f0: 8.5 x 10.5 x 8.5 cm<br \/>\n200 gr.<\/p>","protected":false},"featured_media":66796,"comment_status":"closed","ping_status":"closed","template":"","meta":[],"product_brand":[],"product_cat":[124,201,180],"product_tag":[],"class_list":{"0":"post-66795","1":"product","2":"type-product","3":"status-publish","4":"has-post-thumbnail","6":"product_cat-ilmkerti","7":"product_cat-ilmkerti-2","8":"product_cat-ilmvorur","10":"first","11":"instock","12":"shipping-taxable","13":"purchasable","14":"product-type-simple"},"_links":{"self":[{"href":"https:\/\/ilmoliulampar.is\/en_gb\/wp-json\/wp\/v2\/product\/66795","targetHints":{"allow":["GET"]}}],"collection":[{"href":"https:\/\/ilmoliulampar.is\/en_gb\/wp-json\/wp\/v2\/product"}],"about":[{"href":"https:\/\/ilmoliulampar.is\/en_gb\/wp-json\/wp\/v2\/types\/product"}],"replies":[{"embeddable":true,"href":"https:\/\/ilmoliulampar.is\/en_gb\/wp-json\/wp\/v2\/comments?post=66795"}],"wp:featuredmedia":[{"embeddable":true,"href":"https:\/\/ilmoliulampar.is\/en_gb\/wp-json\/wp\/v2\/media\/66796"}],"wp:attachment":[{"href":"https:\/\/ilmoliulampar.is\/en_gb\/wp-json\/wp\/v2\/media?parent=66795"}],"wp:term":[{"taxonomy":"product_brand","embeddable":true,"href":"https:\/\/ilmoliulampar.is\/en_gb\/wp-json\/wp\/v2\/product_brand?post=66795"},{"taxonomy":"product_cat","embeddable":true,"href":"https:\/\/ilmoliulampar.is\/en_gb\/wp-json\/wp\/v2\/product_cat?post=66795"},{"taxonomy":"product_tag","embeddable":true,"href":"https:\/\/ilmoliulampar.is\/en_gb\/wp-json\/wp\/v2\/product_tag?post=66795"}],"curies":[{"name":"wp","href":"https:\/\/api.w.org\/{rel}","templated":true}]}}