{"id":66818,"date":"2025-12-08T11:55:51","date_gmt":"2025-12-08T11:55:51","guid":{"rendered":"https:\/\/ilmoliulampar.is\/?post_type=product&#038;p=66818"},"modified":"2026-01-13T12:33:52","modified_gmt":"2026-01-13T12:33:52","slug":"keramik-slaufu-kertastjaki","status":"publish","type":"product","link":"https:\/\/ilmoliulampar.is\/en_gb\/product\/keramik-slaufu-kertastjaki\/","title":{"rendered":"Keramik slaufu kertastjaki"},"content":{"rendered":"","protected":false},"excerpt":{"rendered":"<p>\u00d3tr\u00falega flottur r\u00fab\u00edn rau\u00f0ur keramik kertastjaki.<br \/>\nH\u00e6\u00f0 7 cm<br \/>\nBreidd 17 cm<br \/>\nD\u00fdpt 11 cm<\/p>","protected":false},"featured_media":66821,"comment_status":"closed","ping_status":"closed","template":"","meta":[],"product_brand":[],"product_cat":[132,136,246,230],"product_tag":[],"class_list":{"0":"post-66818","1":"product","2":"type-product","3":"status-publish","4":"has-post-thumbnail","6":"product_cat-heimilid-2","7":"product_cat-jol","8":"product_cat-kertastjakar","9":"product_cat-laekkadverd","11":"first","12":"instock","13":"sale","14":"shipping-taxable","15":"purchasable","16":"product-type-simple"},"_links":{"self":[{"href":"https:\/\/ilmoliulampar.is\/en_gb\/wp-json\/wp\/v2\/product\/66818","targetHints":{"allow":["GET"]}}],"collection":[{"href":"https:\/\/ilmoliulampar.is\/en_gb\/wp-json\/wp\/v2\/product"}],"about":[{"href":"https:\/\/ilmoliulampar.is\/en_gb\/wp-json\/wp\/v2\/types\/product"}],"replies":[{"embeddable":true,"href":"https:\/\/ilmoliulampar.is\/en_gb\/wp-json\/wp\/v2\/comments?post=66818"}],"wp:featuredmedia":[{"embeddable":true,"href":"https:\/\/ilmoliulampar.is\/en_gb\/wp-json\/wp\/v2\/media\/66821"}],"wp:attachment":[{"href":"https:\/\/ilmoliulampar.is\/en_gb\/wp-json\/wp\/v2\/media?parent=66818"}],"wp:term":[{"taxonomy":"product_brand","embeddable":true,"href":"https:\/\/ilmoliulampar.is\/en_gb\/wp-json\/wp\/v2\/product_brand?post=66818"},{"taxonomy":"product_cat","embeddable":true,"href":"https:\/\/ilmoliulampar.is\/en_gb\/wp-json\/wp\/v2\/product_cat?post=66818"},{"taxonomy":"product_tag","embeddable":true,"href":"https:\/\/ilmoliulampar.is\/en_gb\/wp-json\/wp\/v2\/product_tag?post=66818"}],"curies":[{"name":"wp","href":"https:\/\/api.w.org\/{rel}","templated":true}]}}