{"id":66844,"date":"2025-12-08T14:01:14","date_gmt":"2025-12-08T14:01:14","guid":{"rendered":"https:\/\/ilmoliulampar.is\/?post_type=product&#038;p=66844"},"modified":"2025-12-08T16:27:49","modified_gmt":"2025-12-08T16:27:49","slug":"antik-klukka-med-romverskum-tolum","status":"publish","type":"product","link":"https:\/\/ilmoliulampar.is\/en_gb\/product\/antik-klukka-med-romverskum-tolum\/","title":{"rendered":"Ant\u00edk klukka me\u00f0 r\u00f3mverskum t\u00f6lum"},"content":{"rendered":"","protected":false},"excerpt":{"rendered":"<p>Antik gyllt brass klukka me\u00f0 r\u00f3mverskum t\u00f6lum.<br \/>\nH\u00e6\u00f0 51 cm<br \/>\nBreidd 51 cm<\/p>\n<p>\u00deyngd 4 kg<\/p>","protected":false},"featured_media":66845,"comment_status":"closed","ping_status":"closed","template":"","meta":[],"product_brand":[],"product_cat":[132,275],"product_tag":[],"class_list":{"0":"post-66844","1":"product","2":"type-product","3":"status-publish","4":"has-post-thumbnail","6":"product_cat-heimilid-2","7":"product_cat-klukkur","9":"first","10":"instock","11":"shipping-taxable","12":"purchasable","13":"product-type-simple"},"_links":{"self":[{"href":"https:\/\/ilmoliulampar.is\/en_gb\/wp-json\/wp\/v2\/product\/66844","targetHints":{"allow":["GET"]}}],"collection":[{"href":"https:\/\/ilmoliulampar.is\/en_gb\/wp-json\/wp\/v2\/product"}],"about":[{"href":"https:\/\/ilmoliulampar.is\/en_gb\/wp-json\/wp\/v2\/types\/product"}],"replies":[{"embeddable":true,"href":"https:\/\/ilmoliulampar.is\/en_gb\/wp-json\/wp\/v2\/comments?post=66844"}],"wp:featuredmedia":[{"embeddable":true,"href":"https:\/\/ilmoliulampar.is\/en_gb\/wp-json\/wp\/v2\/media\/66845"}],"wp:attachment":[{"href":"https:\/\/ilmoliulampar.is\/en_gb\/wp-json\/wp\/v2\/media?parent=66844"}],"wp:term":[{"taxonomy":"product_brand","embeddable":true,"href":"https:\/\/ilmoliulampar.is\/en_gb\/wp-json\/wp\/v2\/product_brand?post=66844"},{"taxonomy":"product_cat","embeddable":true,"href":"https:\/\/ilmoliulampar.is\/en_gb\/wp-json\/wp\/v2\/product_cat?post=66844"},{"taxonomy":"product_tag","embeddable":true,"href":"https:\/\/ilmoliulampar.is\/en_gb\/wp-json\/wp\/v2\/product_tag?post=66844"}],"curies":[{"name":"wp","href":"https:\/\/api.w.org\/{rel}","templated":true}]}}