{"id":66847,"date":"2025-12-08T14:04:04","date_gmt":"2025-12-08T14:04:04","guid":{"rendered":"https:\/\/ilmoliulampar.is\/?post_type=product&#038;p=66847"},"modified":"2025-12-08T16:27:21","modified_gmt":"2025-12-08T16:27:21","slug":"gull-koronu-sprittkertastjaki","status":"publish","type":"product","link":"https:\/\/ilmoliulampar.is\/en_gb\/product\/gull-koronu-sprittkertastjaki\/","title":{"rendered":"Gull k\u00f3r\u00f3nu sprittkertastjaki"},"content":{"rendered":"","protected":false},"excerpt":{"rendered":"<p>Svo s\u00e6tur gull k\u00f3r\u00f3nu sprittkertastjaki<br \/>\nH\u00e6\u00f0 3,5 cm<br \/>\nBreidd 7 cm<\/p>","protected":false},"featured_media":66848,"comment_status":"closed","ping_status":"closed","template":"","meta":[],"product_brand":[],"product_cat":[132,246],"product_tag":[],"class_list":{"0":"post-66847","1":"product","2":"type-product","3":"status-publish","4":"has-post-thumbnail","6":"product_cat-heimilid-2","7":"product_cat-kertastjakar","9":"first","10":"instock","11":"shipping-taxable","12":"purchasable","13":"product-type-simple"},"_links":{"self":[{"href":"https:\/\/ilmoliulampar.is\/en_gb\/wp-json\/wp\/v2\/product\/66847","targetHints":{"allow":["GET"]}}],"collection":[{"href":"https:\/\/ilmoliulampar.is\/en_gb\/wp-json\/wp\/v2\/product"}],"about":[{"href":"https:\/\/ilmoliulampar.is\/en_gb\/wp-json\/wp\/v2\/types\/product"}],"replies":[{"embeddable":true,"href":"https:\/\/ilmoliulampar.is\/en_gb\/wp-json\/wp\/v2\/comments?post=66847"}],"wp:featuredmedia":[{"embeddable":true,"href":"https:\/\/ilmoliulampar.is\/en_gb\/wp-json\/wp\/v2\/media\/66848"}],"wp:attachment":[{"href":"https:\/\/ilmoliulampar.is\/en_gb\/wp-json\/wp\/v2\/media?parent=66847"}],"wp:term":[{"taxonomy":"product_brand","embeddable":true,"href":"https:\/\/ilmoliulampar.is\/en_gb\/wp-json\/wp\/v2\/product_brand?post=66847"},{"taxonomy":"product_cat","embeddable":true,"href":"https:\/\/ilmoliulampar.is\/en_gb\/wp-json\/wp\/v2\/product_cat?post=66847"},{"taxonomy":"product_tag","embeddable":true,"href":"https:\/\/ilmoliulampar.is\/en_gb\/wp-json\/wp\/v2\/product_tag?post=66847"}],"curies":[{"name":"wp","href":"https:\/\/api.w.org\/{rel}","templated":true}]}}