{"id":66876,"date":"2025-12-10T11:27:02","date_gmt":"2025-12-10T11:27:02","guid":{"rendered":"https:\/\/ilmoliulampar.is\/?post_type=product&#038;p=66876"},"modified":"2026-02-11T16:22:05","modified_gmt":"2026-02-11T16:22:05","slug":"labubu-mokoko-twinkly-fairy-tale-limited-edition","status":"publish","type":"product","link":"https:\/\/ilmoliulampar.is\/en_gb\/product\/labubu-mokoko-twinkly-fairy-tale-limited-edition\/","title":{"rendered":"POP MART The Monsters &#8211;  Mokoko Twinkly Fairy Tale &#8211; Limited Edition"},"content":{"rendered":"","protected":false},"excerpt":{"rendered":"<ul>\n<li><strong>Original authentic Pop Mart \u00fatg\u00e1fa<\/strong><\/li>\n<li>Karakter: Mokoko Twinkly Fairy Tale<\/li>\n<\/ul>\n<p>&nbsp;<\/p>\n<p><strong>Uppl\u00fdsingar<\/strong><\/p>\n<ul>\n<li>QR k\u00f3\u00f0i kemur me\u00f0 karakter til a\u00f0 sannreyna a\u00f0 um ekta Labubu s\u00e9 a\u00f0 r\u00e6\u00f0a<\/li>\n<li>Fatna\u00f0ur fylgir<\/li>\n<li>Ser\u00eda: The Monsters<\/li>\n<li>Undirser\u00eda: MOKOKO<\/li>\n<li>St\u00e6r\u00f0: L 15 cm<\/li>\n<li>\u00datg\u00e1fudagur: 28.11.24<\/li>\n<li>Efni: PVC \/ ABS<\/li>\n<\/ul>","protected":false},"featured_media":66877,"comment_status":"closed","ping_status":"closed","template":"","meta":[],"product_brand":[],"product_cat":[274],"product_tag":[],"class_list":{"0":"post-66876","1":"product","2":"type-product","3":"status-publish","4":"has-post-thumbnail","6":"product_cat-labubu","8":"first","9":"instock","10":"sale","11":"shipping-taxable","12":"purchasable","13":"product-type-simple"},"_links":{"self":[{"href":"https:\/\/ilmoliulampar.is\/en_gb\/wp-json\/wp\/v2\/product\/66876","targetHints":{"allow":["GET"]}}],"collection":[{"href":"https:\/\/ilmoliulampar.is\/en_gb\/wp-json\/wp\/v2\/product"}],"about":[{"href":"https:\/\/ilmoliulampar.is\/en_gb\/wp-json\/wp\/v2\/types\/product"}],"replies":[{"embeddable":true,"href":"https:\/\/ilmoliulampar.is\/en_gb\/wp-json\/wp\/v2\/comments?post=66876"}],"wp:featuredmedia":[{"embeddable":true,"href":"https:\/\/ilmoliulampar.is\/en_gb\/wp-json\/wp\/v2\/media\/66877"}],"wp:attachment":[{"href":"https:\/\/ilmoliulampar.is\/en_gb\/wp-json\/wp\/v2\/media?parent=66876"}],"wp:term":[{"taxonomy":"product_brand","embeddable":true,"href":"https:\/\/ilmoliulampar.is\/en_gb\/wp-json\/wp\/v2\/product_brand?post=66876"},{"taxonomy":"product_cat","embeddable":true,"href":"https:\/\/ilmoliulampar.is\/en_gb\/wp-json\/wp\/v2\/product_cat?post=66876"},{"taxonomy":"product_tag","embeddable":true,"href":"https:\/\/ilmoliulampar.is\/en_gb\/wp-json\/wp\/v2\/product_tag?post=66876"}],"curies":[{"name":"wp","href":"https:\/\/api.w.org\/{rel}","templated":true}]}}