{"id":67148,"date":"2026-01-15T17:06:40","date_gmt":"2026-01-15T17:06:40","guid":{"rendered":"https:\/\/ilmoliulampar.is\/?post_type=product&#038;p=67148"},"modified":"2026-01-15T17:07:47","modified_gmt":"2026-01-15T17:07:47","slug":"sleep-made-by-zen","status":"publish","type":"product","link":"https:\/\/ilmoliulampar.is\/en_gb\/product\/sleep-made-by-zen\/","title":{"rendered":"Sleep &#8211; Made by Zen"},"content":{"rendered":"","protected":false},"excerpt":{"rendered":"<p data-pm-slice=\"1 1 []\">Sleep &#8211; Super Therapy ilmkjarnaol\u00edublanda!<\/p>\n<p>Restful Sleep ilmkjarnaol\u00edan inniheldur: Lavender, Mandarin, Patchouli, Sandalwood &amp; Sage.<\/p>\n<p>Sleep ol\u00edan er r\u00f3andi blanda og er fullkomin til a\u00f0 sefa hugann, draga \u00far streitu og undirb\u00faa l\u00edkamann fyrir dj\u00fapan og endurn\u00e6randi svefn.<\/p>","protected":false},"featured_media":67149,"comment_status":"closed","ping_status":"closed","template":"","meta":[],"product_brand":[],"product_cat":[196,224,180,141,209,108],"product_tag":[],"class_list":{"0":"post-67148","1":"product","2":"type-product","3":"status-publish","4":"has-post-thumbnail","6":"product_cat-ilmkjarnaoliur","7":"product_cat-ilmkjarnaoliur-oliur","8":"product_cat-ilmvorur","9":"product_cat-nyjar-oliur","10":"product_cat-nyjar-oliur-oliur","11":"product_cat-oliur","13":"first","14":"instock","15":"shipping-taxable","16":"purchasable","17":"product-type-simple"},"_links":{"self":[{"href":"https:\/\/ilmoliulampar.is\/en_gb\/wp-json\/wp\/v2\/product\/67148","targetHints":{"allow":["GET"]}}],"collection":[{"href":"https:\/\/ilmoliulampar.is\/en_gb\/wp-json\/wp\/v2\/product"}],"about":[{"href":"https:\/\/ilmoliulampar.is\/en_gb\/wp-json\/wp\/v2\/types\/product"}],"replies":[{"embeddable":true,"href":"https:\/\/ilmoliulampar.is\/en_gb\/wp-json\/wp\/v2\/comments?post=67148"}],"wp:featuredmedia":[{"embeddable":true,"href":"https:\/\/ilmoliulampar.is\/en_gb\/wp-json\/wp\/v2\/media\/67149"}],"wp:attachment":[{"href":"https:\/\/ilmoliulampar.is\/en_gb\/wp-json\/wp\/v2\/media?parent=67148"}],"wp:term":[{"taxonomy":"product_brand","embeddable":true,"href":"https:\/\/ilmoliulampar.is\/en_gb\/wp-json\/wp\/v2\/product_brand?post=67148"},{"taxonomy":"product_cat","embeddable":true,"href":"https:\/\/ilmoliulampar.is\/en_gb\/wp-json\/wp\/v2\/product_cat?post=67148"},{"taxonomy":"product_tag","embeddable":true,"href":"https:\/\/ilmoliulampar.is\/en_gb\/wp-json\/wp\/v2\/product_tag?post=67148"}],"curies":[{"name":"wp","href":"https:\/\/api.w.org\/{rel}","templated":true}]}}