{"id":67175,"date":"2026-01-19T11:49:20","date_gmt":"2026-01-19T11:49:20","guid":{"rendered":"https:\/\/ilmoliulampar.is\/?post_type=product&#038;p=67175"},"modified":"2026-01-28T12:30:27","modified_gmt":"2026-01-28T12:30:27","slug":"hauskupa-a-vegg-2-staerdir","status":"publish","type":"product","link":"https:\/\/ilmoliulampar.is\/en_gb\/product\/hauskupa-a-vegg-2-staerdir\/","title":{"rendered":"Bison hausk\u00fapa \u00e1 vegg &#8211; 2 st\u00e6r\u00f0ir"},"content":{"rendered":"","protected":false},"excerpt":{"rendered":"<p>\u00d3tr\u00falega flottar hausk\u00fapur \u00e1 vegg, kemur \u00ed 2 st\u00e6r\u00f0um.<\/p>\n<p>Minni:<br \/>\nH\u00e6\u00f0 47 cm<br \/>\nBreidd 42 cm<br \/>\nD\u00fdpt 15 cm<\/p>\n<p>St\u00e6rri:<br \/>\nH\u00e6\u00f0 67 cm<br \/>\nBreidd 60 cm<br \/>\nD\u00fdpt 18 cm<\/p>","protected":false},"featured_media":67181,"comment_status":"closed","ping_status":"closed","template":"","meta":[],"product_brand":[],"product_cat":[132,251],"product_tag":[],"class_list":{"0":"post-67175","1":"product","2":"type-product","3":"status-publish","4":"has-post-thumbnail","6":"product_cat-heimilid-2","7":"product_cat-stytturogskulpturar","9":"first","10":"instock","11":"shipping-taxable","12":"purchasable","13":"product-type-variable"},"_links":{"self":[{"href":"https:\/\/ilmoliulampar.is\/en_gb\/wp-json\/wp\/v2\/product\/67175","targetHints":{"allow":["GET"]}}],"collection":[{"href":"https:\/\/ilmoliulampar.is\/en_gb\/wp-json\/wp\/v2\/product"}],"about":[{"href":"https:\/\/ilmoliulampar.is\/en_gb\/wp-json\/wp\/v2\/types\/product"}],"replies":[{"embeddable":true,"href":"https:\/\/ilmoliulampar.is\/en_gb\/wp-json\/wp\/v2\/comments?post=67175"}],"wp:featuredmedia":[{"embeddable":true,"href":"https:\/\/ilmoliulampar.is\/en_gb\/wp-json\/wp\/v2\/media\/67181"}],"wp:attachment":[{"href":"https:\/\/ilmoliulampar.is\/en_gb\/wp-json\/wp\/v2\/media?parent=67175"}],"wp:term":[{"taxonomy":"product_brand","embeddable":true,"href":"https:\/\/ilmoliulampar.is\/en_gb\/wp-json\/wp\/v2\/product_brand?post=67175"},{"taxonomy":"product_cat","embeddable":true,"href":"https:\/\/ilmoliulampar.is\/en_gb\/wp-json\/wp\/v2\/product_cat?post=67175"},{"taxonomy":"product_tag","embeddable":true,"href":"https:\/\/ilmoliulampar.is\/en_gb\/wp-json\/wp\/v2\/product_tag?post=67175"}],"curies":[{"name":"wp","href":"https:\/\/api.w.org\/{rel}","templated":true}]}}