{"id":67182,"date":"2026-01-19T12:04:41","date_gmt":"2026-01-19T12:04:41","guid":{"rendered":"https:\/\/ilmoliulampar.is\/?post_type=product&#038;p=67182"},"modified":"2026-01-28T12:30:09","modified_gmt":"2026-01-28T12:30:09","slug":"stort-gull-ljon-a-vegg-50-cm","status":"publish","type":"product","link":"https:\/\/ilmoliulampar.is\/en_gb\/product\/stort-gull-ljon-a-vegg-50-cm\/","title":{"rendered":"St\u00f3rt gull lj\u00f3n \u00e1 vegg &#8211; 50 cm"},"content":{"rendered":"","protected":false},"excerpt":{"rendered":"<p>\u00d3tr\u00falega flott gyllt lj\u00f3nsh\u00f6fu\u00f0 \u00e1 vegg<\/p>\n<p>St\u00e6r\u00f0:<br \/>\nH\u00e6\u00f0 50 cm<br \/>\nBreidd 43 cm<br \/>\nD\u00fdpt 24 cm<\/p>","protected":false},"featured_media":67184,"comment_status":"closed","ping_status":"closed","template":"","meta":[],"product_brand":[],"product_cat":[132,251],"product_tag":[],"class_list":{"0":"post-67182","1":"product","2":"type-product","3":"status-publish","4":"has-post-thumbnail","6":"product_cat-heimilid-2","7":"product_cat-stytturogskulpturar","9":"first","10":"instock","11":"shipping-taxable","12":"purchasable","13":"product-type-simple"},"_links":{"self":[{"href":"https:\/\/ilmoliulampar.is\/en_gb\/wp-json\/wp\/v2\/product\/67182","targetHints":{"allow":["GET"]}}],"collection":[{"href":"https:\/\/ilmoliulampar.is\/en_gb\/wp-json\/wp\/v2\/product"}],"about":[{"href":"https:\/\/ilmoliulampar.is\/en_gb\/wp-json\/wp\/v2\/types\/product"}],"replies":[{"embeddable":true,"href":"https:\/\/ilmoliulampar.is\/en_gb\/wp-json\/wp\/v2\/comments?post=67182"}],"wp:featuredmedia":[{"embeddable":true,"href":"https:\/\/ilmoliulampar.is\/en_gb\/wp-json\/wp\/v2\/media\/67184"}],"wp:attachment":[{"href":"https:\/\/ilmoliulampar.is\/en_gb\/wp-json\/wp\/v2\/media?parent=67182"}],"wp:term":[{"taxonomy":"product_brand","embeddable":true,"href":"https:\/\/ilmoliulampar.is\/en_gb\/wp-json\/wp\/v2\/product_brand?post=67182"},{"taxonomy":"product_cat","embeddable":true,"href":"https:\/\/ilmoliulampar.is\/en_gb\/wp-json\/wp\/v2\/product_cat?post=67182"},{"taxonomy":"product_tag","embeddable":true,"href":"https:\/\/ilmoliulampar.is\/en_gb\/wp-json\/wp\/v2\/product_tag?post=67182"}],"curies":[{"name":"wp","href":"https:\/\/api.w.org\/{rel}","templated":true}]}}