{"id":67217,"date":"2026-01-10T14:34:04","date_gmt":"2026-01-10T14:34:04","guid":{"rendered":"https:\/\/ilmoliulampar.is\/?post_type=product&#038;p=67217"},"modified":"2026-01-27T13:16:24","modified_gmt":"2026-01-27T13:16:24","slug":"haba-tonka-ilmstangir","status":"publish","type":"product","link":"https:\/\/ilmoliulampar.is\/en_gb\/product\/haba-tonka-ilmstangir\/","title":{"rendered":"Haba Tonka &#8211; ilmstangir"},"content":{"rendered":"","protected":false},"excerpt":{"rendered":"<p>Haba Tonka ilmstangir fr\u00e1 Veremundo Home<br \/>\nD\u00e1samlegur bl\u00f3ma- og vi\u00f0arilmur.<\/p>\n<p>Fragrance Notes:<br \/>\nTop notes: Bergamot, Mandarin, Ginger<br \/>\nMiddle notes: Gardenia, Lily of the Valley, Rose, Tonka Bean<br \/>\nBottom notes: Sandalwood, Musk, Vanilla<\/p>\n<p>200 ml flaska.<br \/>\nSt\u00e6r\u00f0: 7 x 25.5 x 7cm<\/p>","protected":false},"featured_media":67218,"comment_status":"closed","ping_status":"closed","template":"","meta":[],"product_brand":[],"product_cat":[200],"product_tag":[],"class_list":{"0":"post-67217","1":"product","2":"type-product","3":"status-publish","4":"has-post-thumbnail","6":"product_cat-ilmstangir-oliur","8":"first","9":"instock","10":"shipping-taxable","11":"purchasable","12":"product-type-simple"},"_links":{"self":[{"href":"https:\/\/ilmoliulampar.is\/en_gb\/wp-json\/wp\/v2\/product\/67217","targetHints":{"allow":["GET"]}}],"collection":[{"href":"https:\/\/ilmoliulampar.is\/en_gb\/wp-json\/wp\/v2\/product"}],"about":[{"href":"https:\/\/ilmoliulampar.is\/en_gb\/wp-json\/wp\/v2\/types\/product"}],"replies":[{"embeddable":true,"href":"https:\/\/ilmoliulampar.is\/en_gb\/wp-json\/wp\/v2\/comments?post=67217"}],"wp:featuredmedia":[{"embeddable":true,"href":"https:\/\/ilmoliulampar.is\/en_gb\/wp-json\/wp\/v2\/media\/67218"}],"wp:attachment":[{"href":"https:\/\/ilmoliulampar.is\/en_gb\/wp-json\/wp\/v2\/media?parent=67217"}],"wp:term":[{"taxonomy":"product_brand","embeddable":true,"href":"https:\/\/ilmoliulampar.is\/en_gb\/wp-json\/wp\/v2\/product_brand?post=67217"},{"taxonomy":"product_cat","embeddable":true,"href":"https:\/\/ilmoliulampar.is\/en_gb\/wp-json\/wp\/v2\/product_cat?post=67217"},{"taxonomy":"product_tag","embeddable":true,"href":"https:\/\/ilmoliulampar.is\/en_gb\/wp-json\/wp\/v2\/product_tag?post=67217"}],"curies":[{"name":"wp","href":"https:\/\/api.w.org\/{rel}","templated":true}]}}