{"id":67229,"date":"2026-01-26T12:29:27","date_gmt":"2026-01-26T12:29:27","guid":{"rendered":"https:\/\/ilmoliulampar.is\/?post_type=product&#038;p=67229"},"modified":"2026-01-29T15:59:08","modified_gmt":"2026-01-29T15:59:08","slug":"alice-marmara-kokustandur","status":"publish","type":"product","link":"https:\/\/ilmoliulampar.is\/en_gb\/product\/alice-marmara-kokustandur\/","title":{"rendered":"Marmara K\u00f6kustandur"},"content":{"rendered":"","protected":false},"excerpt":{"rendered":"<p>Editions Milano<\/p>\n<p>Alice marble cake stand &#8211; svartur &amp; hv\u00edtur marmara k\u00f6kustandur &#8211; einstaklega smart og \u00f6\u00f0ruvisi h\u00f6nnun \u00e1 k\u00f6kudiski.<\/p>\n<p>100% marmari<br \/>\nSt\u00e6r\u00f0: 32 x 7,9 cm<br \/>\n\u00deyngd: 7 kg<\/p>","protected":false},"featured_media":67233,"comment_status":"closed","ping_status":"closed","template":"","meta":[],"product_brand":[],"product_cat":[112,248,255,132],"product_tag":[],"class_list":{"0":"post-67229","1":"product","2":"type-product","3":"status-publish","4":"has-post-thumbnail","6":"product_cat-adrar-vorur","7":"product_cat-bakkarogglasamottur","8":"product_cat-bordbunadur","9":"product_cat-heimilid-2","11":"first","12":"instock","13":"shipping-taxable","14":"purchasable","15":"product-type-simple"},"_links":{"self":[{"href":"https:\/\/ilmoliulampar.is\/en_gb\/wp-json\/wp\/v2\/product\/67229","targetHints":{"allow":["GET"]}}],"collection":[{"href":"https:\/\/ilmoliulampar.is\/en_gb\/wp-json\/wp\/v2\/product"}],"about":[{"href":"https:\/\/ilmoliulampar.is\/en_gb\/wp-json\/wp\/v2\/types\/product"}],"replies":[{"embeddable":true,"href":"https:\/\/ilmoliulampar.is\/en_gb\/wp-json\/wp\/v2\/comments?post=67229"}],"wp:featuredmedia":[{"embeddable":true,"href":"https:\/\/ilmoliulampar.is\/en_gb\/wp-json\/wp\/v2\/media\/67233"}],"wp:attachment":[{"href":"https:\/\/ilmoliulampar.is\/en_gb\/wp-json\/wp\/v2\/media?parent=67229"}],"wp:term":[{"taxonomy":"product_brand","embeddable":true,"href":"https:\/\/ilmoliulampar.is\/en_gb\/wp-json\/wp\/v2\/product_brand?post=67229"},{"taxonomy":"product_cat","embeddable":true,"href":"https:\/\/ilmoliulampar.is\/en_gb\/wp-json\/wp\/v2\/product_cat?post=67229"},{"taxonomy":"product_tag","embeddable":true,"href":"https:\/\/ilmoliulampar.is\/en_gb\/wp-json\/wp\/v2\/product_tag?post=67229"}],"curies":[{"name":"wp","href":"https:\/\/api.w.org\/{rel}","templated":true}]}}