{"id":67409,"date":"2026-02-05T17:53:43","date_gmt":"2026-02-05T17:53:43","guid":{"rendered":"https:\/\/ilmoliulampar.is\/?post_type=product&#038;p=67409"},"modified":"2026-02-06T14:34:40","modified_gmt":"2026-02-06T14:34:40","slug":"gullmolarnir-saltkaramella-med-rjomasukkuladi","status":"publish","type":"product","link":"https:\/\/ilmoliulampar.is\/en_gb\/product\/gullmolarnir-saltkaramella-med-rjomasukkuladi\/","title":{"rendered":"GULLMOLARNIR &#8211; SALTKARAMELLA ME\u00d0 RJ\u00d3MAS\u00daKKULA\u00d0I"},"content":{"rendered":"","protected":false},"excerpt":{"rendered":"<p>Gullmolar D\u00fanmj\u00fak rj\u00f3makaramella me\u00f0 mj\u00f3lkurs\u00fakkula\u00f0i<br \/>\n150 gr<\/p>\n<p>\u00deetta flotta Konfekt er \u00edslenskt &amp; er framleitt \u00ed Grindav\u00edk<\/p>","protected":false},"featured_media":67410,"comment_status":"closed","ping_status":"closed","template":"","meta":[],"product_brand":[],"product_cat":[299],"product_tag":[],"class_list":{"0":"post-67409","1":"product","2":"type-product","3":"status-publish","4":"has-post-thumbnail","6":"product_cat-konfekt","8":"first","9":"instock","10":"shipping-taxable","11":"purchasable","12":"product-type-simple"},"_links":{"self":[{"href":"https:\/\/ilmoliulampar.is\/en_gb\/wp-json\/wp\/v2\/product\/67409","targetHints":{"allow":["GET"]}}],"collection":[{"href":"https:\/\/ilmoliulampar.is\/en_gb\/wp-json\/wp\/v2\/product"}],"about":[{"href":"https:\/\/ilmoliulampar.is\/en_gb\/wp-json\/wp\/v2\/types\/product"}],"replies":[{"embeddable":true,"href":"https:\/\/ilmoliulampar.is\/en_gb\/wp-json\/wp\/v2\/comments?post=67409"}],"wp:featuredmedia":[{"embeddable":true,"href":"https:\/\/ilmoliulampar.is\/en_gb\/wp-json\/wp\/v2\/media\/67410"}],"wp:attachment":[{"href":"https:\/\/ilmoliulampar.is\/en_gb\/wp-json\/wp\/v2\/media?parent=67409"}],"wp:term":[{"taxonomy":"product_brand","embeddable":true,"href":"https:\/\/ilmoliulampar.is\/en_gb\/wp-json\/wp\/v2\/product_brand?post=67409"},{"taxonomy":"product_cat","embeddable":true,"href":"https:\/\/ilmoliulampar.is\/en_gb\/wp-json\/wp\/v2\/product_cat?post=67409"},{"taxonomy":"product_tag","embeddable":true,"href":"https:\/\/ilmoliulampar.is\/en_gb\/wp-json\/wp\/v2\/product_tag?post=67409"}],"curies":[{"name":"wp","href":"https:\/\/api.w.org\/{rel}","templated":true}]}}