{"id":67433,"date":"2026-02-07T16:11:35","date_gmt":"2026-02-07T16:11:35","guid":{"rendered":"https:\/\/ilmoliulampar.is\/?post_type=product&#038;p=67433"},"modified":"2026-02-09T14:36:37","modified_gmt":"2026-02-09T14:36:37","slug":"tannbursti-mjukur-bursti-soft","status":"publish","type":"product","link":"https:\/\/ilmoliulampar.is\/en_gb\/product\/tannbursti-mjukur-bursti-soft\/","title":{"rendered":"Tannbursti &#8211; Mj\u00fakur bursti (soft)"},"content":{"rendered":"","protected":false},"excerpt":{"rendered":"<p data-start=\"180\" data-end=\"190\"><strong data-start=\"180\" data-end=\"190\">L\u00fdsing<\/strong><\/p>\n<p data-start=\"192\" data-end=\"399\">Vanda\u00f0ur tannbursti me\u00f0 einstaklega f\u00ednum h\u00e1rum sem hreinsa vel en fara um lei\u00f0 vel me\u00f0 tennur og tannhold. Hentar s\u00e9rstaklega vel fyrir vi\u00f0kv\u00e6mar tennur og \u00fe\u00e1 sem vilja milda en \u00e1rangursr\u00edka hreinsun.<\/p>\n<p data-start=\"401\" data-end=\"419\"><strong data-start=\"401\" data-end=\"419\">Helstu kostir:<\/strong><\/p>\n<ul data-start=\"421\" data-end=\"1023\">\n<li data-start=\"421\" data-end=\"530\">\n<p data-start=\"423\" data-end=\"530\">\u2714\ufe0f <strong data-start=\"426\" data-end=\"456\">Mild og \u00e1hrifar\u00edk hreinsun<\/strong> \u2013 f\u00ednir burstar sem hreinsa dj\u00fapt me\u00f0fram tannholdsl\u00ednu \u00e1n \u00feess a\u00f0 erta<\/p>\n<\/li>\n<li data-start=\"531\" data-end=\"618\">\n<p data-start=\"533\" data-end=\"618\">\u2714\ufe0f <strong data-start=\"536\" data-end=\"555\">Verndar glerung<\/strong> \u2013 mj\u00fak snerting dregur \u00far l\u00edkum \u00e1 n\u00faningi og glerungsey\u00f0ingu<\/p>\n<\/li>\n<li data-start=\"619\" data-end=\"689\">\n<p data-start=\"621\" data-end=\"689\">\u2714\ufe0f <strong data-start=\"624\" data-end=\"641\">Tannholdsv\u00e6nn<\/strong> \u2013 hanna\u00f0ur til a\u00f0 hreinsa varlega \u00e1n \u00f3\u00fe\u00e6ginda<\/p>\n<\/li>\n<li data-start=\"690\" data-end=\"783\">\n<p data-start=\"692\" data-end=\"783\">\u2714\ufe0f <strong data-start=\"695\" data-end=\"719\">Sk\u00e1settur burstahaus<\/strong> \u2013 n\u00e6r au\u00f0veldlega \u00ed erfi\u00f0 sv\u00e6\u00f0i milli tanna og aftast \u00ed munni<\/p>\n<\/li>\n<li data-start=\"784\" data-end=\"885\">\n<p data-start=\"786\" data-end=\"885\">\u2714\ufe0f <strong data-start=\"789\" data-end=\"812\">Hreinl\u00e6ti \u00ed fyrirr\u00fami<\/strong> \u2013 \u00a0yfirbor\u00f0i\u00f0 er sl\u00e9tt og fellt sem dregur s\u00ed\u00f0ur \u00ed sig raka og minnkar bakter\u00eduv\u00f6xt<\/p>\n<\/li>\n<li data-start=\"886\" data-end=\"991\">\n<p data-start=\"888\" data-end=\"991\">\u2714\ufe0f <strong data-start=\"891\" data-end=\"908\">Endingarg\u00f3\u00f0ur<\/strong> \u2013 slitsterkt efni sem myndar s\u00ed\u00f0ur sprungur \u00fear sem bakter\u00edur geta safnast fyrir<\/p>\n<\/li>\n<li data-start=\"992\" data-end=\"1023\">\n<p data-start=\"994\" data-end=\"1023\">\u2714\ufe0f <strong data-start=\"997\" data-end=\"1023\">M\u00e6lt me\u00f0 af tannl\u00e6knum<\/strong><\/p>\n<\/li>\n<\/ul>\n<p data-start=\"1025\" data-end=\"1167\"><strong data-start=\"1025\" data-end=\"1046\">Notkun og umhir\u00f0a<\/strong><br data-start=\"1046\" data-end=\"1049\" \/>Skola\u00f0u burstann vel eftir notkun. Skiptu um tannbursta \u00e1 2\u20133 m\u00e1na\u00f0a fresti e\u00f0a fyrr ef burstarnir eru or\u00f0nir slappir.<\/p>","protected":false},"featured_media":67434,"comment_status":"closed","ping_status":"closed","template":"","meta":[],"product_brand":[],"product_cat":[122],"product_tag":[],"class_list":{"0":"post-67433","1":"product","2":"type-product","3":"status-publish","4":"has-post-thumbnail","6":"product_cat-tannhvittun","8":"first","9":"instock","10":"shipping-taxable","11":"purchasable","12":"product-type-simple"},"_links":{"self":[{"href":"https:\/\/ilmoliulampar.is\/en_gb\/wp-json\/wp\/v2\/product\/67433","targetHints":{"allow":["GET"]}}],"collection":[{"href":"https:\/\/ilmoliulampar.is\/en_gb\/wp-json\/wp\/v2\/product"}],"about":[{"href":"https:\/\/ilmoliulampar.is\/en_gb\/wp-json\/wp\/v2\/types\/product"}],"replies":[{"embeddable":true,"href":"https:\/\/ilmoliulampar.is\/en_gb\/wp-json\/wp\/v2\/comments?post=67433"}],"wp:featuredmedia":[{"embeddable":true,"href":"https:\/\/ilmoliulampar.is\/en_gb\/wp-json\/wp\/v2\/media\/67434"}],"wp:attachment":[{"href":"https:\/\/ilmoliulampar.is\/en_gb\/wp-json\/wp\/v2\/media?parent=67433"}],"wp:term":[{"taxonomy":"product_brand","embeddable":true,"href":"https:\/\/ilmoliulampar.is\/en_gb\/wp-json\/wp\/v2\/product_brand?post=67433"},{"taxonomy":"product_cat","embeddable":true,"href":"https:\/\/ilmoliulampar.is\/en_gb\/wp-json\/wp\/v2\/product_cat?post=67433"},{"taxonomy":"product_tag","embeddable":true,"href":"https:\/\/ilmoliulampar.is\/en_gb\/wp-json\/wp\/v2\/product_tag?post=67433"}],"curies":[{"name":"wp","href":"https:\/\/api.w.org\/{rel}","templated":true}]}}