{"id":67437,"date":"2026-02-07T16:17:53","date_gmt":"2026-02-07T16:17:53","guid":{"rendered":"https:\/\/ilmoliulampar.is\/?post_type=product&#038;p=67437"},"modified":"2026-02-09T14:37:50","modified_gmt":"2026-02-09T14:37:50","slug":"hvittunartannkrem-28gr","status":"publish","type":"product","link":"https:\/\/ilmoliulampar.is\/en_gb\/product\/hvittunartannkrem-28gr\/","title":{"rendered":"Tannkrem &#8211; Hv\u00edttunartannkrem 28gr"},"content":{"rendered":"","protected":false},"excerpt":{"rendered":"<p>Opalescence hv\u00edttunartannkrem styrkir glerunginn og kemur \u00ed veg fyrir tannskemmdir, \u00fea\u00f0 inniheldur 1100 ppm af fl\u00faor.<\/p>\n<p>Opalescence er mj\u00f6g gott til a\u00f0 vi\u00f0halda tannl\u00fdsingu, \u00fea\u00f0 er ekki gr\u00f3fkorna en fjarl\u00e6gir yfirbor\u00f0sbletti af glerungi me\u00f0 k\u00edsil (silica) \u00e1n \u00feess a\u00f0 rispa hann og \u00fea\u00f0 m\u00e1 \u00fev\u00ed nota daglega. \u00fea\u00f0 inniheldur fl\u00faor og kemur me\u00f0 fersku myntubrag\u00f0i.<\/p>","protected":false},"featured_media":67438,"comment_status":"closed","ping_status":"closed","template":"","meta":[],"product_brand":[],"product_cat":[122],"product_tag":[],"class_list":{"0":"post-67437","1":"product","2":"type-product","3":"status-publish","4":"has-post-thumbnail","6":"product_cat-tannhvittun","8":"first","9":"instock","10":"shipping-taxable","11":"purchasable","12":"product-type-simple"},"_links":{"self":[{"href":"https:\/\/ilmoliulampar.is\/en_gb\/wp-json\/wp\/v2\/product\/67437","targetHints":{"allow":["GET"]}}],"collection":[{"href":"https:\/\/ilmoliulampar.is\/en_gb\/wp-json\/wp\/v2\/product"}],"about":[{"href":"https:\/\/ilmoliulampar.is\/en_gb\/wp-json\/wp\/v2\/types\/product"}],"replies":[{"embeddable":true,"href":"https:\/\/ilmoliulampar.is\/en_gb\/wp-json\/wp\/v2\/comments?post=67437"}],"wp:featuredmedia":[{"embeddable":true,"href":"https:\/\/ilmoliulampar.is\/en_gb\/wp-json\/wp\/v2\/media\/67438"}],"wp:attachment":[{"href":"https:\/\/ilmoliulampar.is\/en_gb\/wp-json\/wp\/v2\/media?parent=67437"}],"wp:term":[{"taxonomy":"product_brand","embeddable":true,"href":"https:\/\/ilmoliulampar.is\/en_gb\/wp-json\/wp\/v2\/product_brand?post=67437"},{"taxonomy":"product_cat","embeddable":true,"href":"https:\/\/ilmoliulampar.is\/en_gb\/wp-json\/wp\/v2\/product_cat?post=67437"},{"taxonomy":"product_tag","embeddable":true,"href":"https:\/\/ilmoliulampar.is\/en_gb\/wp-json\/wp\/v2\/product_tag?post=67437"}],"curies":[{"name":"wp","href":"https:\/\/api.w.org\/{rel}","templated":true}]}}