{"id":67636,"date":"2026-02-26T14:47:54","date_gmt":"2026-02-26T14:47:54","guid":{"rendered":"https:\/\/ilmoliulampar.is\/?post_type=product&#038;p=67636"},"modified":"2026-02-26T15:08:24","modified_gmt":"2026-02-26T15:08:24","slug":"keramik-lampi-svartur-hvitur","status":"publish","type":"product","link":"https:\/\/ilmoliulampar.is\/en_gb\/product\/keramik-lampi-svartur-hvitur\/","title":{"rendered":"Keramik Lampi &#8211; svartur &#038; hv\u00edtur"},"content":{"rendered":"","protected":false},"excerpt":{"rendered":"<p>\u00d3tr\u00faleg flottur og vanda\u00f0ur keramik lampi me\u00f0 sv\u00f6rtum skerm<\/p>\n<div class=\"row laenge\">\n<div class=\"label\">Length:33.00 cm<\/div>\n<\/div>\n<div class=\"row breite\">\n<div class=\"label\">Width:33.00 cm<\/div>\n<\/div>\n<div class=\"row hoehe\">\n<div class=\"label\">Height:48.00 cm<\/div>\n<div><\/div>\n<\/div>\n<div class=\"row material\">\n<div class=\"label\">Material:ceramic<\/div>\n<\/div>","protected":false},"featured_media":67638,"comment_status":"closed","ping_status":"closed","template":"","meta":[],"product_brand":[],"product_cat":[184,132,107],"product_tag":[],"class_list":{"0":"post-67636","1":"product","2":"type-product","3":"status-publish","4":"has-post-thumbnail","6":"product_cat-bordlampar","7":"product_cat-heimilid-2","8":"product_cat-lampar","10":"first","11":"instock","12":"shipping-taxable","13":"purchasable","14":"product-type-simple"},"_links":{"self":[{"href":"https:\/\/ilmoliulampar.is\/en_gb\/wp-json\/wp\/v2\/product\/67636","targetHints":{"allow":["GET"]}}],"collection":[{"href":"https:\/\/ilmoliulampar.is\/en_gb\/wp-json\/wp\/v2\/product"}],"about":[{"href":"https:\/\/ilmoliulampar.is\/en_gb\/wp-json\/wp\/v2\/types\/product"}],"replies":[{"embeddable":true,"href":"https:\/\/ilmoliulampar.is\/en_gb\/wp-json\/wp\/v2\/comments?post=67636"}],"wp:featuredmedia":[{"embeddable":true,"href":"https:\/\/ilmoliulampar.is\/en_gb\/wp-json\/wp\/v2\/media\/67638"}],"wp:attachment":[{"href":"https:\/\/ilmoliulampar.is\/en_gb\/wp-json\/wp\/v2\/media?parent=67636"}],"wp:term":[{"taxonomy":"product_brand","embeddable":true,"href":"https:\/\/ilmoliulampar.is\/en_gb\/wp-json\/wp\/v2\/product_brand?post=67636"},{"taxonomy":"product_cat","embeddable":true,"href":"https:\/\/ilmoliulampar.is\/en_gb\/wp-json\/wp\/v2\/product_cat?post=67636"},{"taxonomy":"product_tag","embeddable":true,"href":"https:\/\/ilmoliulampar.is\/en_gb\/wp-json\/wp\/v2\/product_tag?post=67636"}],"curies":[{"name":"wp","href":"https:\/\/api.w.org\/{rel}","templated":true}]}}