{"id":67640,"date":"2026-03-05T15:17:36","date_gmt":"2026-03-05T15:17:36","guid":{"rendered":"https:\/\/ilmoliulampar.is\/?post_type=product&#038;p=67640"},"modified":"2026-03-19T12:00:18","modified_gmt":"2026-03-19T12:00:18","slug":"led-kerti-melt-effect-svart-3-staerdir","status":"publish","type":"product","link":"https:\/\/ilmoliulampar.is\/en_gb\/product\/led-kerti-melt-effect-svart-3-staerdir\/","title":{"rendered":"LED kerti Melt effect &#8211; Svart &#8211; 3 st\u00e6r\u00f0ir"},"content":{"rendered":"","protected":false},"excerpt":{"rendered":"<p>\u00d3tr\u00falega flott og raunveruleg kerti fr\u00e1 Werner , \u00e1fer\u00f0inn er vaxkennd , fl\u00f6ktandi logi og kertavaxi\u00f0 er sm\u00e1 &#8220; Br\u00e1\u00f0na\u00f0&#8220;<\/p>\n<p>Kemur \u00ed 3 st\u00e6r\u00f0um<br \/>\nL\u00edti\u00f0 13 cm h\u00e6\u00f0 &amp; 6,5 cm \u00e1 breidd<br \/>\nMi\u00f0st\u00e6r\u00f0 18 cm \u00e1 h\u00e6\u00f0 &amp; 7,5 cm \u00e1 breidd<br \/>\nSt\u00f3rt 23 cm \u00e1 h\u00e6\u00f0 &amp; 10 cm \u00e1 beidd<\/p>","protected":false},"featured_media":67878,"comment_status":"closed","ping_status":"closed","template":"","meta":[],"product_brand":[],"product_cat":[132,149],"product_tag":[],"class_list":{"0":"post-67640","1":"product","2":"type-product","3":"status-publish","4":"has-post-thumbnail","6":"product_cat-heimilid-2","7":"product_cat-led-kerti","9":"first","10":"instock","11":"shipping-taxable","12":"purchasable","13":"product-type-variable"},"_links":{"self":[{"href":"https:\/\/ilmoliulampar.is\/en_gb\/wp-json\/wp\/v2\/product\/67640","targetHints":{"allow":["GET"]}}],"collection":[{"href":"https:\/\/ilmoliulampar.is\/en_gb\/wp-json\/wp\/v2\/product"}],"about":[{"href":"https:\/\/ilmoliulampar.is\/en_gb\/wp-json\/wp\/v2\/types\/product"}],"replies":[{"embeddable":true,"href":"https:\/\/ilmoliulampar.is\/en_gb\/wp-json\/wp\/v2\/comments?post=67640"}],"wp:featuredmedia":[{"embeddable":true,"href":"https:\/\/ilmoliulampar.is\/en_gb\/wp-json\/wp\/v2\/media\/67878"}],"wp:attachment":[{"href":"https:\/\/ilmoliulampar.is\/en_gb\/wp-json\/wp\/v2\/media?parent=67640"}],"wp:term":[{"taxonomy":"product_brand","embeddable":true,"href":"https:\/\/ilmoliulampar.is\/en_gb\/wp-json\/wp\/v2\/product_brand?post=67640"},{"taxonomy":"product_cat","embeddable":true,"href":"https:\/\/ilmoliulampar.is\/en_gb\/wp-json\/wp\/v2\/product_cat?post=67640"},{"taxonomy":"product_tag","embeddable":true,"href":"https:\/\/ilmoliulampar.is\/en_gb\/wp-json\/wp\/v2\/product_tag?post=67640"}],"curies":[{"name":"wp","href":"https:\/\/api.w.org\/{rel}","templated":true}]}}