{"id":67664,"date":"2026-03-02T15:41:21","date_gmt":"2026-03-02T15:41:21","guid":{"rendered":"https:\/\/ilmoliulampar.is\/?post_type=product&#038;p=67664"},"modified":"2026-03-03T11:33:56","modified_gmt":"2026-03-03T11:33:56","slug":"son-of-a-duck-vegglampi","status":"publish","type":"product","link":"https:\/\/ilmoliulampar.is\/en_gb\/product\/son-of-a-duck-vegglampi\/","title":{"rendered":"Son of a Duck &#8211; Vegglampi"},"content":{"rendered":"","protected":false},"excerpt":{"rendered":"<p>L\u00edtil \u201eBaby\u201c gyllt \u00f6nd<\/p>\n<div class=\"\" data-block=\"true\" data-editor=\"129a7\" data-offset-key=\"e7dum-0-0\">\n<div class=\"_1mf _1mj\" data-offset-key=\"e7dum-0-0\"><span data-offset-key=\"e7dum-0-0\">Ath, sn\u00faran sem fylgir er me\u00f0 innstungu, hann er ekki tengdur vi\u00f0 d\u00f3s \u00e1 veggnum,<\/span><\/div>\n<\/div>\n<div class=\"\" data-block=\"true\" data-editor=\"129a7\" data-offset-key=\"9s7hi-0-0\">\n<div class=\"_1mf _1mj\" data-offset-key=\"9s7hi-0-0\"><span data-offset-key=\"9s7hi-0-0\">\u00fev\u00ed h\u00e6gt a\u00f0 hengja hvar sem er! <\/span><\/div>\n<div data-offset-key=\"9s7hi-0-0\"><\/div>\n<div class=\"_1mf _1mj\" data-offset-key=\"9s7hi-0-0\"><span data-offset-key=\"9s7hi-0-0\">S\u00e9rlega smart a\u00f0 nota fallega skrautperu\u2026..<br \/>\nATH \u2013 E27 pera ( fylgir ekki me\u00f0 )\u00a0<\/span><\/div>\n<\/div>\n<div data-offset-key=\"9s7hi-0-0\">H\u00e6\u00f0 : 35 Cm<\/div>\n<div data-offset-key=\"9s7hi-0-0\">Breidd : 15 Cm<\/div>","protected":false},"featured_media":67665,"comment_status":"closed","ping_status":"closed","template":"","meta":[],"product_brand":[],"product_cat":[132,107,185],"product_tag":[],"class_list":{"0":"post-67664","1":"product","2":"type-product","3":"status-publish","4":"has-post-thumbnail","6":"product_cat-heimilid-2","7":"product_cat-lampar","8":"product_cat-vegglampar","10":"first","11":"instock","12":"shipping-taxable","13":"purchasable","14":"product-type-simple"},"_links":{"self":[{"href":"https:\/\/ilmoliulampar.is\/en_gb\/wp-json\/wp\/v2\/product\/67664","targetHints":{"allow":["GET"]}}],"collection":[{"href":"https:\/\/ilmoliulampar.is\/en_gb\/wp-json\/wp\/v2\/product"}],"about":[{"href":"https:\/\/ilmoliulampar.is\/en_gb\/wp-json\/wp\/v2\/types\/product"}],"replies":[{"embeddable":true,"href":"https:\/\/ilmoliulampar.is\/en_gb\/wp-json\/wp\/v2\/comments?post=67664"}],"wp:featuredmedia":[{"embeddable":true,"href":"https:\/\/ilmoliulampar.is\/en_gb\/wp-json\/wp\/v2\/media\/67665"}],"wp:attachment":[{"href":"https:\/\/ilmoliulampar.is\/en_gb\/wp-json\/wp\/v2\/media?parent=67664"}],"wp:term":[{"taxonomy":"product_brand","embeddable":true,"href":"https:\/\/ilmoliulampar.is\/en_gb\/wp-json\/wp\/v2\/product_brand?post=67664"},{"taxonomy":"product_cat","embeddable":true,"href":"https:\/\/ilmoliulampar.is\/en_gb\/wp-json\/wp\/v2\/product_cat?post=67664"},{"taxonomy":"product_tag","embeddable":true,"href":"https:\/\/ilmoliulampar.is\/en_gb\/wp-json\/wp\/v2\/product_tag?post=67664"}],"curies":[{"name":"wp","href":"https:\/\/api.w.org\/{rel}","templated":true}]}}