{"id":67689,"date":"2026-03-04T12:47:17","date_gmt":"2026-03-04T12:47:17","guid":{"rendered":"https:\/\/ilmoliulampar.is\/?post_type=product&#038;p=67689"},"modified":"2026-03-18T14:23:04","modified_gmt":"2026-03-18T14:23:04","slug":"led-kerti-hvitt-melt-effect-3-staerdir","status":"publish","type":"product","link":"https:\/\/ilmoliulampar.is\/en_gb\/product\/led-kerti-hvitt-melt-effect-3-staerdir\/","title":{"rendered":"LED kerti &#8211; Hv\u00edtt  Melt effect &#8211; 3 st\u00e6r\u00f0ir"},"content":{"rendered":"","protected":false},"excerpt":{"rendered":"<p>\u00d3tr\u00falega flott og raunveruleg kerti fr\u00e1 Werner , \u00e1fer\u00f0inn er vaxkennd , fl\u00f6ktandi logi og kertavaxi\u00f0 er sm\u00e1 \u201c Br\u00e1\u00f0na\u00f0\u201c<\/p>\n<p>Kemur \u00ed 3 st\u00e6r\u00f0um<br \/>\nL\u00edti\u00f0 13 cm h\u00e6\u00f0 &amp; 6,5 cm \u00e1 breidd<br \/>\nMi\u00f0st\u00e6r\u00f0 18 cm \u00e1 h\u00e6\u00f0 &amp; 7,5 cm \u00e1 breidd<br \/>\nSt\u00f3rt 23 cm \u00e1 h\u00e6\u00f0 &amp; 10 cm \u00e1 beidd<\/p>","protected":false},"featured_media":67693,"comment_status":"closed","ping_status":"closed","template":"","meta":[],"product_brand":[],"product_cat":[149],"product_tag":[],"class_list":{"0":"post-67689","1":"product","2":"type-product","3":"status-publish","4":"has-post-thumbnail","6":"product_cat-led-kerti","8":"first","9":"instock","10":"shipping-taxable","11":"purchasable","12":"product-type-variable"},"_links":{"self":[{"href":"https:\/\/ilmoliulampar.is\/en_gb\/wp-json\/wp\/v2\/product\/67689","targetHints":{"allow":["GET"]}}],"collection":[{"href":"https:\/\/ilmoliulampar.is\/en_gb\/wp-json\/wp\/v2\/product"}],"about":[{"href":"https:\/\/ilmoliulampar.is\/en_gb\/wp-json\/wp\/v2\/types\/product"}],"replies":[{"embeddable":true,"href":"https:\/\/ilmoliulampar.is\/en_gb\/wp-json\/wp\/v2\/comments?post=67689"}],"wp:featuredmedia":[{"embeddable":true,"href":"https:\/\/ilmoliulampar.is\/en_gb\/wp-json\/wp\/v2\/media\/67693"}],"wp:attachment":[{"href":"https:\/\/ilmoliulampar.is\/en_gb\/wp-json\/wp\/v2\/media?parent=67689"}],"wp:term":[{"taxonomy":"product_brand","embeddable":true,"href":"https:\/\/ilmoliulampar.is\/en_gb\/wp-json\/wp\/v2\/product_brand?post=67689"},{"taxonomy":"product_cat","embeddable":true,"href":"https:\/\/ilmoliulampar.is\/en_gb\/wp-json\/wp\/v2\/product_cat?post=67689"},{"taxonomy":"product_tag","embeddable":true,"href":"https:\/\/ilmoliulampar.is\/en_gb\/wp-json\/wp\/v2\/product_tag?post=67689"}],"curies":[{"name":"wp","href":"https:\/\/api.w.org\/{rel}","templated":true}]}}